{"id":73,"date":"2025-04-25T14:37:28","date_gmt":"2025-04-25T14:37:28","guid":{"rendered":"https:\/\/liaise-project.eu\/?page_id=73"},"modified":"2025-04-29T09:26:10","modified_gmt":"2025-04-29T09:26:10","slug":"about","status":"publish","type":"page","link":"https:\/\/liaise-project.eu\/fr\/about\/","title":{"rendered":"Information"},"content":{"rendered":"<div data-aos= \"fade-up\" data-aos-duration=\"400\" data-aos-delay=\"0\" data-aos-easing=\"ease\" data-aos-once=\"true\" class=\"wp-block-uagb-container about-section-1 uagb-block-ec3ed751 alignfull uagb-is-root-container\">\n<h2 class=\"wp-block-heading\">ABOUT THE PROJECT<\/h2>\n\n\n\n<div class=\"wp-block-uagb-container main-page-inside-blue uagb-block-6da24eda alignfull uagb-is-root-container\">\n<div class=\"wp-block-columns is-layout-flex wp-container-core-columns-is-layout-9d6595d7 wp-block-columns-is-layout-flex\">\n<div class=\"wp-block-column is-layout-flow wp-block-column-is-layout-flow\" style=\"flex-basis:66.66%\">\n<p>LIAISE est un projet Erasmus + base sur le principe et la necessite imp\u00e9rative de pr\u00e9server la diversit\u00e9 linguistique et de sauvegarder les langues minoritaires, comme le pr\u00e9conisent les organisations europ\u00e9ennes et internationales.<\/p>\n\n\n\n<p>La mise en oeuvre du projet se traduira par des mesures visant \u00e0 promouvoir , proteger et revitaliser les langues et dialectes r\u00e9gionaux et minoritaires. Le mat\u00e9riel du projet, tel que les ressources \u00e9ducatives, les productions culturelles et les palteformes en ligne, sera disponible dans ces langues mineures, ce qui renforcera leur visibilit\u00e9 dans la vie publique<\/p>\n\n\n\n<p>Cela permettra de cr\u00e9er et de favoriser des soci\u00e9t\u00e9s inclusives o\u00f9 la diversit\u00e9 lingusitique et culturelle est soutenue et c\u00e9l\u00e9br\u00e9e<\/p>\n<\/div>\n\n\n\n<div class=\"wp-block-column is-layout-flow wp-block-column-is-layout-flow\" style=\"flex-basis:33.33%\">\n<figure class=\"wp-block-image size-full\"><img loading=\"lazy\" decoding=\"async\" width=\"1111\" height=\"742\" src=\"https:\/\/liaise-project.eu\/wp-content\/uploads\/2025\/04\/2222.jpg\" alt=\"2222\" class=\"wp-image-80\" srcset=\"https:\/\/liaise-project.eu\/wp-content\/uploads\/2025\/04\/2222.jpg 1111w, https:\/\/liaise-project.eu\/wp-content\/uploads\/2025\/04\/2222-650x434.jpg 650w, https:\/\/liaise-project.eu\/wp-content\/uploads\/2025\/04\/2222-768x513.jpg 768w\" sizes=\"auto, (max-width: 1111px) 100vw, 1111px\" \/><\/figure>\n<\/div>\n<\/div>\n<\/div>\n<\/div>\n\n\n\n<div data-aos= \"slide-up\" data-aos-duration=\"400\" data-aos-delay=\"0\" data-aos-easing=\"ease\" data-aos-once=\"true\" class=\"wp-block-uagb-container about-section-2 uagb-block-b3ffc2d3 alignfull uagb-is-root-container\">\n<h2 class=\"wp-block-heading\">Objectifs du Projet<\/h2>\n\n\n\n<div class=\"wp-block-uagb-container main-page-inside-green uagb-block-dbc0b82f alignfull uagb-is-root-container\">\n<p class=\"pointing\">Les objectifs du projet s\u2019alignent sur les objectifs g\u00e9n\u00e9raux de pr\u00e9servation culturelle et linguistique, de ch\u00e9sion sociale et de pronmotion de la compr\u00e9hension mutuelle entre les diverses communaut\u00e9s<\/p>\n\n\n\n<p>Les objectifs sp\u00e9cifiques du projet LIAISE sont:<\/p>\n\n\n\n<p><strong>1.<\/strong>&nbsp;Promouvoir la diversit\u00e9 linguistique et l'inclusion tant dans les milieux scolaires que dans la soci\u00e9t\u00e9.<\/p>\n\n\n\n<p><strong>2.<\/strong> Am\u00e9liorer l'\u00e9ducation multilingue, en mettant l'accent sur les langues et dialectes minoritaires en danger.<\/p>\n\n\n\n<p><strong>3.<\/strong>&nbsp;D\u00e9velopper des ressources multilingues et accessibles pour les enseignants et les \u00e9ducateurs.<\/p>\n\n\n\n<p><strong>4.<\/strong> Soutenir l'engagement civique et la participation active des groupes marginalis\u00e9s sur le plan linguistique et culturel<\/p>\n\n\n\n<p><strong>5.<\/strong>&nbsp;Sensibiliser aux questions li\u00e9es aux minorit\u00e9s linguistiques et \u00e0 leur visibilit\u00e9 dans la vie sociale et \u00e9ducative quotidienne.<\/p>\n\n\n\n<p><strong>6.<\/strong>&nbsp;Assurer l'\u00e9galit\u00e9 d'acc\u00e8s \u00e0 l'\u00e9ducation pour tous les \u00e9l\u00e8ves, quelle que soit leur origine culturelle et\/ou lingusitique.<\/p>\n\n\n\n<p><strong>7.<\/strong> Donner aux communaut\u00e9s les moyens de c\u00e9l\u00e9brer et de promouvoir la diversit\u00e9 linguistique.<\/p>\n<\/div>\n<\/div>\n\n\n\n<div data-aos= \"fade-up\" data-aos-duration=\"400\" data-aos-delay=\"0\" data-aos-easing=\"ease\" data-aos-once=\"true\" class=\"wp-block-uagb-container about-section-3 uagb-block-67daff29 alignfull uagb-is-root-container\">\n<h2 class=\"wp-block-heading\">Groupes cibles<\/h2>\n\n\n\n<div class=\"wp-block-uagb-container main-page-inside-orange uagb-block-17ee085b alignfull uagb-is-root-container\">\n<p class=\"pointing\">Le public cible du projet int\u00e9gre une vari\u00e9t\u00e9 de groupes et d'acteurs diff\u00e9rents, apportant un changement et un impact significatifs \u00e0 l'\u00e9dcucation multilingue inclusive et accessible.<\/p>\n\n\n\n<h3 class=\"wp-block-heading\">Groupes directs<\/h3>\n\n\n\n<p>Enseignants et personnel scolaire<br><br>Etudiants issus de minorit\u00e9s lingusitiques<br><br>Parents d'\u00e9l\u00e8ves appartenant \u00e0 une minorit\u00e9 linguistique<\/p>\n\n\n\n<h3 class=\"wp-block-heading\">Groupes indirects<\/h3>\n\n\n\n<p>Administrateurs scolaires et d\u00e9cideurs<br><br>Groupes et experts linguistiques des communaut\u00e9s locales<\/p>\n<\/div>\n<\/div>\n\n\n\n<div data-aos= \"slide-up\" data-aos-duration=\"400\" data-aos-delay=\"0\" data-aos-easing=\"ease\" data-aos-once=\"true\" class=\"wp-block-uagb-container about-section-4 uagb-block-22ff7d56 alignfull uagb-is-root-container\">\n<h2 class=\"wp-block-heading\">Langues du projet<\/h2>\n\n\n\n<div class=\"wp-block-uagb-container main-page-inside-yellow uagb-block-25bf9e2f alignfull uagb-is-root-container\">\n<p class=\"pointing\">Afin d'assurer l'accessibilit\u00b4+e linguistique des documents du projet, ceux-ci seront disponibles dans les langues et dialectes principaux et minoritaires suivants:<\/p>\n\n\n\n<ul class=\"wp-block-list\">\n<li><em>Anglais<\/em><\/li>\n\n\n\n<li><em>Portugais<\/em><\/li>\n\n\n\n<li><em>Mirandais<\/em><\/li>\n\n\n\n<li><em>Grec<\/em><\/li>\n\n\n\n<li><em>Chypriote grec<\/em><\/li>\n\n\n\n<li><em>Fran\u00e7ais<\/em><\/li>\n\n\n\n<li><em>Cr\u00e9ole martiniquais<\/em><\/li>\n\n\n\n<li><em>N\u00e9erlandais (Flamand)<\/em><\/li>\n\n\n\n<li><em>Flamand occidental<\/em><\/li>\n\n\n\n<li><em>Italien<\/em><\/li>\n\n\n\n<li><em>Sicilien<\/em><\/li>\n<\/ul>\n<\/div>\n<\/div>\n\n\n\n<div data-aos= \"slide-up\" data-aos-duration=\"400\" data-aos-delay=\"0\" data-aos-easing=\"ease\" data-aos-once=\"true\" class=\"wp-block-uagb-container home-section-3 uagb-block-f1d3a09b alignfull uagb-is-root-container\">\n<blockquote class=\"wp-block-quote is-layout-flow wp-block-quote-is-layout-flow\">\n<h2 class=\"wp-block-heading has-text-align-center translation-block\">\"C'est \u00e0 travers la langue que nous connaissons le monde. C'est \u00e0 travers notre langue que nous exprimons notre identit\u00e9\"- Nelson Mandela<\/h2>\n<\/blockquote>\n<\/div>","protected":false},"excerpt":{"rendered":"<p>ABOUT THE PROJECT LIAISE is an Erasmus+<\/p>","protected":false},"author":1,"featured_media":0,"parent":0,"menu_order":0,"comment_status":"closed","ping_status":"closed","template":"page-fluid.php","meta":{"_acf_changed":false,"_uag_custom_page_level_css":"","footnotes":""},"class_list":["post-73","page","type-page","status-publish","hentry"],"acf":[],"yoast_head":"<!-- This site is optimized with the Yoast SEO plugin v25.3.1 - https:\/\/yoast.com\/wordpress\/plugins\/seo\/ -->\n<title>About - Liaise<\/title>\n<meta name=\"robots\" content=\"index, follow, max-snippet:-1, max-image-preview:large, max-video-preview:-1\" \/>\n<link rel=\"canonical\" href=\"https:\/\/liaise-project.eu\/fr\/about\/\" \/>\n<meta property=\"og:locale\" content=\"fr_FR\" \/>\n<meta property=\"og:type\" content=\"article\" \/>\n<meta property=\"og:title\" content=\"About - Liaise\" \/>\n<meta property=\"og:description\" content=\"ABOUT THE PROJECT LIAISE is an Erasmus+\" \/>\n<meta property=\"og:url\" content=\"https:\/\/liaise-project.eu\/fr\/about\/\" \/>\n<meta property=\"og:site_name\" content=\"Liaise\" \/>\n<meta property=\"article:modified_time\" content=\"2025-04-29T09:26:10+00:00\" \/>\n<meta property=\"og:image\" content=\"https:\/\/liaise-project.eu\/wp-content\/uploads\/2025\/04\/2222.jpg\" \/>\n\t<meta property=\"og:image:width\" content=\"1111\" \/>\n\t<meta property=\"og:image:height\" content=\"742\" \/>\n\t<meta property=\"og:image:type\" content=\"image\/jpeg\" \/>\n<meta name=\"twitter:card\" content=\"summary_large_image\" \/>\n<meta name=\"twitter:label1\" content=\"Dur\u00e9e de lecture estim\u00e9e\" \/>\n\t<meta name=\"twitter:data1\" content=\"2 minutes\" \/>\n<script type=\"application\/ld+json\" class=\"yoast-schema-graph\">{\"@context\":\"https:\/\/schema.org\",\"@graph\":[{\"@type\":\"WebPage\",\"@id\":\"https:\/\/liaise-project.eu\/about\/\",\"url\":\"https:\/\/liaise-project.eu\/about\/\",\"name\":\"About - Liaise\",\"isPartOf\":{\"@id\":\"https:\/\/liaise-project.eu\/#website\"},\"primaryImageOfPage\":{\"@id\":\"https:\/\/liaise-project.eu\/about\/#primaryimage\"},\"image\":{\"@id\":\"https:\/\/liaise-project.eu\/about\/#primaryimage\"},\"thumbnailUrl\":\"https:\/\/liaise-project.eu\/wp-content\/uploads\/2025\/04\/2222.jpg\",\"datePublished\":\"2025-04-25T14:37:28+00:00\",\"dateModified\":\"2025-04-29T09:26:10+00:00\",\"breadcrumb\":{\"@id\":\"https:\/\/liaise-project.eu\/about\/#breadcrumb\"},\"inLanguage\":\"fr-FR\",\"potentialAction\":[{\"@type\":\"ReadAction\",\"target\":[\"https:\/\/liaise-project.eu\/about\/\"]}]},{\"@type\":\"ImageObject\",\"inLanguage\":\"fr-FR\",\"@id\":\"https:\/\/liaise-project.eu\/about\/#primaryimage\",\"url\":\"https:\/\/liaise-project.eu\/wp-content\/uploads\/2025\/04\/2222.jpg\",\"contentUrl\":\"https:\/\/liaise-project.eu\/wp-content\/uploads\/2025\/04\/2222.jpg\"},{\"@type\":\"BreadcrumbList\",\"@id\":\"https:\/\/liaise-project.eu\/about\/#breadcrumb\",\"itemListElement\":[{\"@type\":\"ListItem\",\"position\":1,\"name\":\"Home\",\"item\":\"https:\/\/liaise-project.eu\/\"},{\"@type\":\"ListItem\",\"position\":2,\"name\":\"About\"}]},{\"@type\":\"WebSite\",\"@id\":\"https:\/\/liaise-project.eu\/#website\",\"url\":\"https:\/\/liaise-project.eu\/\",\"name\":\"Liaise\",\"description\":\"\",\"potentialAction\":[{\"@type\":\"SearchAction\",\"target\":{\"@type\":\"EntryPoint\",\"urlTemplate\":\"https:\/\/liaise-project.eu\/?s={search_term_string}\"},\"query-input\":{\"@type\":\"PropertyValueSpecification\",\"valueRequired\":true,\"valueName\":\"search_term_string\"}}],\"inLanguage\":\"fr-FR\"}]}<\/script>\n<!-- \/ Yoast SEO plugin. -->","yoast_head_json":{"title":"About - Liaise","robots":{"index":"index","follow":"follow","max-snippet":"max-snippet:-1","max-image-preview":"max-image-preview:large","max-video-preview":"max-video-preview:-1"},"canonical":"https:\/\/liaise-project.eu\/fr\/about\/","og_locale":"fr_FR","og_type":"article","og_title":"About - Liaise","og_description":"ABOUT THE PROJECT LIAISE is an Erasmus+","og_url":"https:\/\/liaise-project.eu\/fr\/about\/","og_site_name":"Liaise","article_modified_time":"2025-04-29T09:26:10+00:00","og_image":[{"width":1111,"height":742,"url":"https:\/\/liaise-project.eu\/wp-content\/uploads\/2025\/04\/2222.jpg","type":"image\/jpeg"}],"twitter_card":"summary_large_image","twitter_misc":{"Dur\u00e9e de lecture estim\u00e9e":"2 minutes"},"schema":{"@context":"https:\/\/schema.org","@graph":[{"@type":"WebPage","@id":"https:\/\/liaise-project.eu\/about\/","url":"https:\/\/liaise-project.eu\/about\/","name":"About - Liaise","isPartOf":{"@id":"https:\/\/liaise-project.eu\/#website"},"primaryImageOfPage":{"@id":"https:\/\/liaise-project.eu\/about\/#primaryimage"},"image":{"@id":"https:\/\/liaise-project.eu\/about\/#primaryimage"},"thumbnailUrl":"https:\/\/liaise-project.eu\/wp-content\/uploads\/2025\/04\/2222.jpg","datePublished":"2025-04-25T14:37:28+00:00","dateModified":"2025-04-29T09:26:10+00:00","breadcrumb":{"@id":"https:\/\/liaise-project.eu\/about\/#breadcrumb"},"inLanguage":"fr-FR","potentialAction":[{"@type":"ReadAction","target":["https:\/\/liaise-project.eu\/about\/"]}]},{"@type":"ImageObject","inLanguage":"fr-FR","@id":"https:\/\/liaise-project.eu\/about\/#primaryimage","url":"https:\/\/liaise-project.eu\/wp-content\/uploads\/2025\/04\/2222.jpg","contentUrl":"https:\/\/liaise-project.eu\/wp-content\/uploads\/2025\/04\/2222.jpg"},{"@type":"BreadcrumbList","@id":"https:\/\/liaise-project.eu\/about\/#breadcrumb","itemListElement":[{"@type":"ListItem","position":1,"name":"Home","item":"https:\/\/liaise-project.eu\/"},{"@type":"ListItem","position":2,"name":"About"}]},{"@type":"WebSite","@id":"https:\/\/liaise-project.eu\/#website","url":"https:\/\/liaise-project.eu\/","name":"Liaise","description":"","potentialAction":[{"@type":"SearchAction","target":{"@type":"EntryPoint","urlTemplate":"https:\/\/liaise-project.eu\/?s={search_term_string}"},"query-input":{"@type":"PropertyValueSpecification","valueRequired":true,"valueName":"search_term_string"}}],"inLanguage":"fr-FR"}]}},"uagb_featured_image_src":{"full":false,"thumbnail":false,"medium":false,"medium_large":false,"large":false,"1536x1536":false,"2048x2048":false,"trp-custom-language-flag":false},"uagb_author_info":{"display_name":"admin","author_link":"https:\/\/liaise-project.eu\/fr\/author\/liaisewpadmn\/"},"uagb_comment_info":0,"uagb_excerpt":"ABOUT THE PROJECT LIAISE is an Erasmus+","_links":{"self":[{"href":"https:\/\/liaise-project.eu\/fr\/wp-json\/wp\/v2\/pages\/73","targetHints":{"allow":["GET"]}}],"collection":[{"href":"https:\/\/liaise-project.eu\/fr\/wp-json\/wp\/v2\/pages"}],"about":[{"href":"https:\/\/liaise-project.eu\/fr\/wp-json\/wp\/v2\/types\/page"}],"author":[{"embeddable":true,"href":"https:\/\/liaise-project.eu\/fr\/wp-json\/wp\/v2\/users\/1"}],"replies":[{"embeddable":true,"href":"https:\/\/liaise-project.eu\/fr\/wp-json\/wp\/v2\/comments?post=73"}],"version-history":[{"count":10,"href":"https:\/\/liaise-project.eu\/fr\/wp-json\/wp\/v2\/pages\/73\/revisions"}],"predecessor-version":[{"id":205,"href":"https:\/\/liaise-project.eu\/fr\/wp-json\/wp\/v2\/pages\/73\/revisions\/205"}],"wp:attachment":[{"href":"https:\/\/liaise-project.eu\/fr\/wp-json\/wp\/v2\/media?parent=73"}],"curies":[{"name":"wp","href":"https:\/\/api.w.org\/{rel}","templated":true}]}}