{"id":103,"date":"2025-04-28T08:08:03","date_gmt":"2025-04-28T08:08:03","guid":{"rendered":"https:\/\/liaise-project.eu\/?page_id=103"},"modified":"2025-04-29T09:27:38","modified_gmt":"2025-04-29T09:27:38","slug":"partners","status":"publish","type":"page","link":"https:\/\/liaise-project.eu\/it\/partners\/","title":{"rendered":"Partner"},"content":{"rendered":"<div class=\"wp-block-uagb-container section-img uagb-block-4e28198a alignfull uagb-is-root-container\">\n<figure class=\"wp-block-image size-full\"><img loading=\"lazy\" decoding=\"async\" width=\"2206\" height=\"305\" src=\"https:\/\/liaise-project.eu\/wp-content\/uploads\/2025\/04\/partners.jpg\" alt=\"partners\" class=\"wp-image-104\" srcset=\"https:\/\/liaise-project.eu\/wp-content\/uploads\/2025\/04\/partners.jpg 2206w, https:\/\/liaise-project.eu\/wp-content\/uploads\/2025\/04\/partners-650x90.jpg 650w, https:\/\/liaise-project.eu\/wp-content\/uploads\/2025\/04\/partners-1280x177.jpg 1280w, https:\/\/liaise-project.eu\/wp-content\/uploads\/2025\/04\/partners-768x106.jpg 768w, https:\/\/liaise-project.eu\/wp-content\/uploads\/2025\/04\/partners-1536x212.jpg 1536w, https:\/\/liaise-project.eu\/wp-content\/uploads\/2025\/04\/partners-2048x283.jpg 2048w\" sizes=\"auto, (max-width: 2206px) 100vw, 2206px\" \/><\/figure>\n<\/div>\n\n\n\n<div class=\"wp-block-uagb-container main-page-partners uagb-block-da431a8e alignfull uagb-is-root-container\">\n<h2 class=\"wp-block-heading\">Partner<\/h2>\n\n\n\n<div data-aos= \"fade-up\" data-aos-duration=\"400\" data-aos-delay=\"0\" data-aos-easing=\"ease\" data-aos-once=\"true\" class=\"wp-block-uagb-container main-inside-white uagb-block-eea21150 alignfull uagb-is-root-container\">\n<div class=\"wp-block-columns partners-block is-layout-flex wp-container-core-columns-is-layout-9d6595d7 wp-block-columns-is-layout-flex\">\n<div class=\"wp-block-column is-layout-flow wp-block-column-is-layout-flow\" style=\"flex-basis:33.33%\"><div class=\"wp-block-image is-style-default\">\n<figure class=\"aligncenter size-full\"><img loading=\"lazy\" decoding=\"async\" width=\"400\" height=\"300\" src=\"https:\/\/liaise-project.eu\/wp-content\/uploads\/2025\/04\/barreiro.jpg\" alt=\"barreiro\" class=\"wp-image-35\"\/><\/figure><\/div><\/div>\n\n\n\n<div class=\"wp-block-column is-layout-flow wp-block-column-is-layout-flow\" style=\"flex-basis:66.66%\">\n<p><strong>L'Agrupamento de Escolas do Barreiro<\/strong> \u00e8 una scuola pubblica di Barreiro, in Portogallo. in Portogallo. Comprende istituti scolastici di vari livelli, come scuole materne, elementari e medie, e un centro per lo sviluppo professionale degli insegnanti. Le azioni della scuola sono incentrate sulla fornitura di un'istruzione di alta qualit\u00e0 ai suoi studenti, in linea con i principi del multilinguismo, del multiculturalismo e dell'apprendimento inclusivo e accessibile e dei metodi di insegnamento.<br>Per saperne di pi\u00f9:<\/p>\n<\/div>\n<\/div>\n\n\n\n<div class=\"wp-block-columns partners-block is-layout-flex wp-container-core-columns-is-layout-9d6595d7 wp-block-columns-is-layout-flex\">\n<div class=\"wp-block-column is-layout-flow wp-block-column-is-layout-flow\" style=\"flex-basis:33.33%\"><div class=\"wp-block-image is-style-default\">\n<figure class=\"aligncenter size-full\"><img loading=\"lazy\" decoding=\"async\" width=\"400\" height=\"300\" src=\"https:\/\/liaise-project.eu\/wp-content\/uploads\/2025\/04\/idaes.jpg\" alt=\"idaes\" class=\"wp-image-38\"\/><\/figure><\/div><\/div>\n\n\n\n<div class=\"wp-block-column is-layout-flow wp-block-column-is-layout-flow\" style=\"flex-basis:66.66%\">\n<p><strong>L'Agrupamento de Escolas de Id\u00e3es<\/strong>&nbsp;\u00e8 una scuola pubblica di Felgueiras, in Portogallo. Le iniziative della scuola sono in linea con il suo obiettivo di promuovere l'inclusione e l'accessibilit\u00e0 degli studenti provenienti da diversi contesti educativi, sociali, culturali e linguistici. Inoltre, promuove e sostiene il successo accademico, professionale e sociale dei suoi studenti, favorendo allo stesso tempo la loro cittadinanza attiva e il loro impegno civico.<br>Per saperne di pi\u00f9:<\/p>\n<\/div>\n<\/div>\n\n\n\n<div class=\"wp-block-columns partners-block is-layout-flex wp-container-core-columns-is-layout-9d6595d7 wp-block-columns-is-layout-flex\">\n<div class=\"wp-block-column is-layout-flow wp-block-column-is-layout-flow\" style=\"flex-basis:33.33%\"><div class=\"wp-block-image is-style-default\">\n<figure class=\"aligncenter size-full\"><img loading=\"lazy\" decoding=\"async\" width=\"400\" height=\"300\" src=\"https:\/\/liaise-project.eu\/wp-content\/uploads\/2025\/04\/snt-george.jpg\" alt=\"snt george\" class=\"wp-image-37\"\/><\/figure><\/div><\/div>\n\n\n\n<div class=\"wp-block-column is-layout-flow wp-block-column-is-layout-flow\" style=\"flex-basis:66.66%\">\n<p><strong>Likio Agiou Georgiou Lakatamias<\/strong>&nbsp;\u00e8 una scuola pubblica di istruzione secondaria superiore a Nicosia, Cipro. La scuola pone grande enfasi sul successo accademico, nonch\u00e9 sullo sviluppo personale, sociale e professionale dei suoi studenti, offrendo loro l'opportunit\u00e0 di imparare in un ambiente inclusivo e accessibile. La scuola \u00e8 riconosciuta per le sue azioni a livello nazionale ed europeo.<br>Per saperne di pi\u00f9:<\/p>\n<\/div>\n<\/div>\n\n\n\n<div class=\"wp-block-columns partners-block is-layout-flex wp-container-core-columns-is-layout-9d6595d7 wp-block-columns-is-layout-flex\">\n<div class=\"wp-block-column is-layout-flow wp-block-column-is-layout-flow\" style=\"flex-basis:33.33%\"><div class=\"wp-block-image is-style-default\">\n<figure class=\"aligncenter size-full\"><img loading=\"lazy\" decoding=\"async\" width=\"400\" height=\"300\" src=\"https:\/\/liaise-project.eu\/wp-content\/uploads\/2025\/04\/ciara.jpg\" alt=\"ciara\" class=\"wp-image-36\"\/><\/figure><\/div><\/div>\n\n\n\n<div class=\"wp-block-column is-layout-flow wp-block-column-is-layout-flow\" style=\"flex-basis:66.66%\">\n<p><strong>Comit\u00e9 International Associatif de R\u00e9flexion et Action - Martinica (Francia)<\/strong>CIARA \u00e8 una associazione con sede in Martinica, Francia, che si occupa di promuovere e sostenere l'integrazione dei giovani emarginati in ambienti educativi e sociali. L'associazione ha esperienza nella proposta e nell'attuazione di azioni che affrontano le questioni che i giovani e i loro genitori devono affrontare nella societ\u00e0 locale. Nell'ambito delle sue attivit\u00e0, CIARA organizza sessioni di coaching, formazione e tutoraggio per giovani, studenti e professionisti.<br>Per saperne di pi\u00f9:<\/p>\n<\/div>\n<\/div>\n\n\n\n<div class=\"wp-block-columns partners-block is-layout-flex wp-container-core-columns-is-layout-9d6595d7 wp-block-columns-is-layout-flex\">\n<div class=\"wp-block-column is-layout-flow wp-block-column-is-layout-flow\" style=\"flex-basis:33.33%\"><div class=\"wp-block-image is-style-default\">\n<figure class=\"aligncenter size-full\"><img loading=\"lazy\" decoding=\"async\" width=\"400\" height=\"300\" src=\"https:\/\/liaise-project.eu\/wp-content\/uploads\/2025\/04\/rbrussels.jpg\" alt=\"rbrussels\" class=\"wp-image-33\"\/><\/figure><\/div><\/div>\n\n\n\n<div class=\"wp-block-column is-layout-flow wp-block-column-is-layout-flow\" style=\"flex-basis:66.66%\">\n<p><strong>ReadLab Bruxelles<\/strong>&nbsp;\u00e8 un'organizzazione di sviluppo e analisi della ricerca con sede a Bruxelles, in Belgio. La priorit\u00e0 dell'organizzazione \u00e8 sostenere le istituzioni educative formali e non formali in un'ampia gamma di settori attraverso la fornitura di assistenza tecnica. Il suo impegno attivo nelle iniziative educative ha permesso a ReadLab Bruxelles di ottenere un impatto significativo nel panorama educativo, favorendo l'inclusione, l'accessibilit\u00e0 e la crescita.<br>Per saperne di pi\u00f9:<\/p>\n<\/div>\n<\/div>\n\n\n\n<div class=\"wp-block-columns partners-block is-layout-flex wp-container-core-columns-is-layout-9d6595d7 wp-block-columns-is-layout-flex\">\n<div class=\"wp-block-column is-layout-flow wp-block-column-is-layout-flow\" style=\"flex-basis:33.33%\"><div class=\"wp-block-image is-style-default\">\n<figure class=\"aligncenter size-full\"><img loading=\"lazy\" decoding=\"async\" width=\"400\" height=\"300\" src=\"https:\/\/liaise-project.eu\/wp-content\/uploads\/2025\/04\/mkosmos.jpg\" alt=\"mkosmos\" class=\"wp-image-39\"\/><\/figure><\/div><\/div>\n\n\n\n<div class=\"wp-block-column is-layout-flow wp-block-column-is-layout-flow\" style=\"flex-basis:66.66%\">\n<p><strong>\u201cMicrokosmos\u201d Associazione Culturale Italo-Ellenica per la Formazione - Italia&nbsp;<\/strong>Microkosmos \u00e8 un'associazione culturale ed educativa senza scopo di lucro con sede a Torino. Il lavoro dell'associazione si basa sui principi di sostenibilit\u00e0, accessibilit\u00e0 e inclusione, sostenendo attivamente la parit\u00e0 di accesso a contesti educativi e sociali per ogni individuo. Microkosmos orienta il proprio lavoro verso la fornitura ai giovani delle competenze trasversali e digitali di base necessarie per navigare nelle moderne realt\u00e0 professionali, sociali ed educative.<br>Per saperne di pi\u00f9:<\/p>\n<\/div>\n<\/div>\n<\/div>\n<\/div>","protected":false},"excerpt":{"rendered":"<p>PARTNERS Agrupamento de Escolas do Barreiro is<\/p>","protected":false},"author":1,"featured_media":0,"parent":0,"menu_order":0,"comment_status":"closed","ping_status":"closed","template":"page-fluid.php","meta":{"_acf_changed":false,"_uag_custom_page_level_css":"","footnotes":""},"class_list":["post-103","page","type-page","status-publish","hentry"],"acf":[],"yoast_head":"<!-- This site is optimized with the Yoast SEO plugin v25.3.1 - https:\/\/yoast.com\/wordpress\/plugins\/seo\/ -->\n<title>Partners - Liaise<\/title>\n<meta name=\"robots\" content=\"index, follow, max-snippet:-1, max-image-preview:large, max-video-preview:-1\" \/>\n<link rel=\"canonical\" href=\"https:\/\/liaise-project.eu\/it\/partners\/\" \/>\n<meta property=\"og:locale\" content=\"it_IT\" \/>\n<meta property=\"og:type\" content=\"article\" \/>\n<meta property=\"og:title\" content=\"Partners - Liaise\" \/>\n<meta property=\"og:description\" content=\"PARTNERS Agrupamento de Escolas do Barreiro is\" \/>\n<meta property=\"og:url\" content=\"https:\/\/liaise-project.eu\/it\/partners\/\" \/>\n<meta property=\"og:site_name\" content=\"Liaise\" \/>\n<meta property=\"article:modified_time\" content=\"2025-04-29T09:27:38+00:00\" \/>\n<meta property=\"og:image\" content=\"https:\/\/liaise-project.eu\/wp-content\/uploads\/2025\/04\/partners.jpg\" \/>\n\t<meta property=\"og:image:width\" content=\"2206\" \/>\n\t<meta property=\"og:image:height\" content=\"305\" \/>\n\t<meta property=\"og:image:type\" content=\"image\/jpeg\" \/>\n<meta name=\"twitter:card\" content=\"summary_large_image\" \/>\n<meta name=\"twitter:label1\" content=\"Tempo di lettura stimato\" \/>\n\t<meta name=\"twitter:data1\" content=\"4 minuti\" \/>\n<script type=\"application\/ld+json\" class=\"yoast-schema-graph\">{\"@context\":\"https:\/\/schema.org\",\"@graph\":[{\"@type\":\"WebPage\",\"@id\":\"https:\/\/liaise-project.eu\/partners\/\",\"url\":\"https:\/\/liaise-project.eu\/partners\/\",\"name\":\"Partners - Liaise\",\"isPartOf\":{\"@id\":\"https:\/\/liaise-project.eu\/#website\"},\"primaryImageOfPage\":{\"@id\":\"https:\/\/liaise-project.eu\/partners\/#primaryimage\"},\"image\":{\"@id\":\"https:\/\/liaise-project.eu\/partners\/#primaryimage\"},\"thumbnailUrl\":\"https:\/\/liaise-project.eu\/wp-content\/uploads\/2025\/04\/partners.jpg\",\"datePublished\":\"2025-04-28T08:08:03+00:00\",\"dateModified\":\"2025-04-29T09:27:38+00:00\",\"breadcrumb\":{\"@id\":\"https:\/\/liaise-project.eu\/partners\/#breadcrumb\"},\"inLanguage\":\"it-IT\",\"potentialAction\":[{\"@type\":\"ReadAction\",\"target\":[\"https:\/\/liaise-project.eu\/partners\/\"]}]},{\"@type\":\"ImageObject\",\"inLanguage\":\"it-IT\",\"@id\":\"https:\/\/liaise-project.eu\/partners\/#primaryimage\",\"url\":\"https:\/\/liaise-project.eu\/wp-content\/uploads\/2025\/04\/partners.jpg\",\"contentUrl\":\"https:\/\/liaise-project.eu\/wp-content\/uploads\/2025\/04\/partners.jpg\"},{\"@type\":\"BreadcrumbList\",\"@id\":\"https:\/\/liaise-project.eu\/partners\/#breadcrumb\",\"itemListElement\":[{\"@type\":\"ListItem\",\"position\":1,\"name\":\"Home\",\"item\":\"https:\/\/liaise-project.eu\/\"},{\"@type\":\"ListItem\",\"position\":2,\"name\":\"Partners\"}]},{\"@type\":\"WebSite\",\"@id\":\"https:\/\/liaise-project.eu\/#website\",\"url\":\"https:\/\/liaise-project.eu\/\",\"name\":\"Liaise\",\"description\":\"\",\"potentialAction\":[{\"@type\":\"SearchAction\",\"target\":{\"@type\":\"EntryPoint\",\"urlTemplate\":\"https:\/\/liaise-project.eu\/?s={search_term_string}\"},\"query-input\":{\"@type\":\"PropertyValueSpecification\",\"valueRequired\":true,\"valueName\":\"search_term_string\"}}],\"inLanguage\":\"it-IT\"}]}<\/script>\n<!-- \/ Yoast SEO plugin. -->","yoast_head_json":{"title":"Partners - Liaise","robots":{"index":"index","follow":"follow","max-snippet":"max-snippet:-1","max-image-preview":"max-image-preview:large","max-video-preview":"max-video-preview:-1"},"canonical":"https:\/\/liaise-project.eu\/it\/partners\/","og_locale":"it_IT","og_type":"article","og_title":"Partners - Liaise","og_description":"PARTNERS Agrupamento de Escolas do Barreiro is","og_url":"https:\/\/liaise-project.eu\/it\/partners\/","og_site_name":"Liaise","article_modified_time":"2025-04-29T09:27:38+00:00","og_image":[{"width":2206,"height":305,"url":"https:\/\/liaise-project.eu\/wp-content\/uploads\/2025\/04\/partners.jpg","type":"image\/jpeg"}],"twitter_card":"summary_large_image","twitter_misc":{"Tempo di lettura stimato":"4 minuti"},"schema":{"@context":"https:\/\/schema.org","@graph":[{"@type":"WebPage","@id":"https:\/\/liaise-project.eu\/partners\/","url":"https:\/\/liaise-project.eu\/partners\/","name":"Partners - Liaise","isPartOf":{"@id":"https:\/\/liaise-project.eu\/#website"},"primaryImageOfPage":{"@id":"https:\/\/liaise-project.eu\/partners\/#primaryimage"},"image":{"@id":"https:\/\/liaise-project.eu\/partners\/#primaryimage"},"thumbnailUrl":"https:\/\/liaise-project.eu\/wp-content\/uploads\/2025\/04\/partners.jpg","datePublished":"2025-04-28T08:08:03+00:00","dateModified":"2025-04-29T09:27:38+00:00","breadcrumb":{"@id":"https:\/\/liaise-project.eu\/partners\/#breadcrumb"},"inLanguage":"it-IT","potentialAction":[{"@type":"ReadAction","target":["https:\/\/liaise-project.eu\/partners\/"]}]},{"@type":"ImageObject","inLanguage":"it-IT","@id":"https:\/\/liaise-project.eu\/partners\/#primaryimage","url":"https:\/\/liaise-project.eu\/wp-content\/uploads\/2025\/04\/partners.jpg","contentUrl":"https:\/\/liaise-project.eu\/wp-content\/uploads\/2025\/04\/partners.jpg"},{"@type":"BreadcrumbList","@id":"https:\/\/liaise-project.eu\/partners\/#breadcrumb","itemListElement":[{"@type":"ListItem","position":1,"name":"Home","item":"https:\/\/liaise-project.eu\/"},{"@type":"ListItem","position":2,"name":"Partners"}]},{"@type":"WebSite","@id":"https:\/\/liaise-project.eu\/#website","url":"https:\/\/liaise-project.eu\/","name":"Liaise","description":"","potentialAction":[{"@type":"SearchAction","target":{"@type":"EntryPoint","urlTemplate":"https:\/\/liaise-project.eu\/?s={search_term_string}"},"query-input":{"@type":"PropertyValueSpecification","valueRequired":true,"valueName":"search_term_string"}}],"inLanguage":"it-IT"}]}},"uagb_featured_image_src":{"full":false,"thumbnail":false,"medium":false,"medium_large":false,"large":false,"1536x1536":false,"2048x2048":false,"trp-custom-language-flag":false},"uagb_author_info":{"display_name":"admin","author_link":"https:\/\/liaise-project.eu\/it\/author\/liaisewpadmn\/"},"uagb_comment_info":0,"uagb_excerpt":"PARTNERS Agrupamento de Escolas do Barreiro is","_links":{"self":[{"href":"https:\/\/liaise-project.eu\/it\/wp-json\/wp\/v2\/pages\/103","targetHints":{"allow":["GET"]}}],"collection":[{"href":"https:\/\/liaise-project.eu\/it\/wp-json\/wp\/v2\/pages"}],"about":[{"href":"https:\/\/liaise-project.eu\/it\/wp-json\/wp\/v2\/types\/page"}],"author":[{"embeddable":true,"href":"https:\/\/liaise-project.eu\/it\/wp-json\/wp\/v2\/users\/1"}],"replies":[{"embeddable":true,"href":"https:\/\/liaise-project.eu\/it\/wp-json\/wp\/v2\/comments?post=103"}],"version-history":[{"count":9,"href":"https:\/\/liaise-project.eu\/it\/wp-json\/wp\/v2\/pages\/103\/revisions"}],"predecessor-version":[{"id":207,"href":"https:\/\/liaise-project.eu\/it\/wp-json\/wp\/v2\/pages\/103\/revisions\/207"}],"wp:attachment":[{"href":"https:\/\/liaise-project.eu\/it\/wp-json\/wp\/v2\/media?parent=103"}],"curies":[{"name":"wp","href":"https:\/\/api.w.org\/{rel}","templated":true}]}}