{"id":73,"date":"2025-04-25T14:37:28","date_gmt":"2025-04-25T14:37:28","guid":{"rendered":"https:\/\/liaise-project.eu\/?page_id=73"},"modified":"2025-04-29T09:26:10","modified_gmt":"2025-04-29T09:26:10","slug":"about","status":"publish","type":"page","link":"https:\/\/liaise-project.eu\/it\/about\/","title":{"rendered":"Informazioni"},"content":{"rendered":"<div data-aos= \"fade-up\" data-aos-duration=\"400\" data-aos-delay=\"0\" data-aos-easing=\"ease\" data-aos-once=\"true\" class=\"wp-block-uagb-container about-section-1 uagb-block-ec3ed751 alignfull uagb-is-root-container\">\n<h2 class=\"wp-block-heading\">Informazioni sul progetto<\/h2>\n\n\n\n<div class=\"wp-block-uagb-container main-page-inside-blue uagb-block-6da24eda alignfull uagb-is-root-container\">\n<div class=\"wp-block-columns is-layout-flex wp-container-core-columns-is-layout-9d6595d7 wp-block-columns-is-layout-flex\">\n<div class=\"wp-block-column is-layout-flow wp-block-column-is-layout-flow\" style=\"flex-basis:66.66%\">\n<p>LIAISE \u00e8 un progetto Erasmus+ basato sul principio e sulla necessit\u00e0 imperativa di preservare la diversit\u00e0 linguistica e salvaguardare le lingue minoritarie, come sostenuto dalle organizzazioni europee e internazionali.<\/p>\n\n\n\n<p>L'iniziativa prevede l'attuazione di misure che promuovono, proteggono e rivitalizzano le lingue e i dialetti regionali e minoritari. I materiali del progetto, come le risorse educative, le produzioni culturali e le piattaforme online, saranno disponibili in queste lingue minoritarie, migliorandone la visibilit\u00e0 nella vita pubblica.<\/p>\n\n\n\n<p>Ci\u00f2 consentir\u00e0 la creazione e la promozione di societ\u00e0 inclusive in cui la diversit\u00e0 linguistica e culturale \u00e8 sostenuta e celebrata.<\/p>\n<\/div>\n\n\n\n<div class=\"wp-block-column is-layout-flow wp-block-column-is-layout-flow\" style=\"flex-basis:33.33%\">\n<figure class=\"wp-block-image size-full\"><img loading=\"lazy\" decoding=\"async\" width=\"1111\" height=\"742\" src=\"https:\/\/liaise-project.eu\/wp-content\/uploads\/2025\/04\/2222.jpg\" alt=\"2222\" class=\"wp-image-80\" srcset=\"https:\/\/liaise-project.eu\/wp-content\/uploads\/2025\/04\/2222.jpg 1111w, https:\/\/liaise-project.eu\/wp-content\/uploads\/2025\/04\/2222-650x434.jpg 650w, https:\/\/liaise-project.eu\/wp-content\/uploads\/2025\/04\/2222-768x513.jpg 768w\" sizes=\"auto, (max-width: 1111px) 100vw, 1111px\" \/><\/figure>\n<\/div>\n<\/div>\n<\/div>\n<\/div>\n\n\n\n<div data-aos= \"slide-up\" data-aos-duration=\"400\" data-aos-delay=\"0\" data-aos-easing=\"ease\" data-aos-once=\"true\" class=\"wp-block-uagb-container about-section-2 uagb-block-b3ffc2d3 alignfull uagb-is-root-container\">\n<h2 class=\"wp-block-heading\">Obiettivi del progetto<\/h2>\n\n\n\n<div class=\"wp-block-uagb-container main-page-inside-green uagb-block-dbc0b82f alignfull uagb-is-root-container\">\n<p class=\"pointing\">Gli obiettivi del progetto sono in linea con gli obiettivi generali di conservazione culturale e linguistica, coesione sociale e promozione della comprensione reciproca tra comunit\u00e0 diverse.<\/p>\n\n\n\n<p>Gli obiettivi specifici del progetto LIAISE sono:<\/p>\n\n\n\n<p><strong>1.<\/strong>&nbsp;Promuovere la diversit\u00e0 linguistica e l'inclusione sia negli ambienti scolastici che nella societ\u00e0.<\/p>\n\n\n\n<p><strong>2.<\/strong> Migliorare l'istruzione multilingue, con particolare attenzione alle lingue e ai dialetti minoritari in via di estinzione.<\/p>\n\n\n\n<p><strong>3.<\/strong>&nbsp;Sviluppare risorse multilingue e accessibili per insegnanti ed educatori.<\/p>\n\n\n\n<p><strong>4.<\/strong> Sostenere l'impegno civico e la partecipazione attiva dei gruppi linguisticamente e culturalmente emarginati.<\/p>\n\n\n\n<p><strong>5.<\/strong>&nbsp;Sensibilizzare l'opinione pubblica sulle questioni legate alle minoranze linguistiche e sulla loro visibilit\u00e0 nella vita sociale ed educativa quotidiana.<\/p>\n\n\n\n<p><strong>6.<\/strong>&nbsp;Garantire pari accesso all'istruzione per ogni studente, indipendentemente dal suo background culturale e\/o linguistico.<\/p>\n\n\n\n<p><strong>7.<\/strong> Dare alle comunit\u00e0 la possibilit\u00e0 di celebrare e promuovere la diversit\u00e0 linguistica.<\/p>\n<\/div>\n<\/div>\n\n\n\n<div data-aos= \"fade-up\" data-aos-duration=\"400\" data-aos-delay=\"0\" data-aos-easing=\"ease\" data-aos-once=\"true\" class=\"wp-block-uagb-container about-section-3 uagb-block-67daff29 alignfull uagb-is-root-container\">\n<h2 class=\"wp-block-heading\">Gruppi target<\/h2>\n\n\n\n<div class=\"wp-block-uagb-container main-page-inside-orange uagb-block-17ee085b alignfull uagb-is-root-container\">\n<p class=\"pointing\">Il pubblico target del progetto comprende una variet\u00e0 di gruppi e attori diversi, apportando un cambiamento e un impatto significativi all'istruzione multilingue inclusiva e accessibile.<\/p>\n\n\n\n<h3 class=\"wp-block-heading\">Gruppi diretti<\/h3>\n\n\n\n<p>Insegnanti e personale scolastico<br><br>Studenti provenienti da minoranze linguistiche<br><br>Genitori di studenti appartenenti a minoranze linguistiche<\/p>\n\n\n\n<h3 class=\"wp-block-heading\">Gruppi indiretti<\/h3>\n\n\n\n<p>Amministratori scolastici e responsabili politici<br><br>Gruppi linguistici ed esperti della comunit\u00e0 locale<\/p>\n<\/div>\n<\/div>\n\n\n\n<div data-aos= \"slide-up\" data-aos-duration=\"400\" data-aos-delay=\"0\" data-aos-easing=\"ease\" data-aos-once=\"true\" class=\"wp-block-uagb-container about-section-4 uagb-block-22ff7d56 alignfull uagb-is-root-container\">\n<h2 class=\"wp-block-heading\">Lingue del progetto<\/h2>\n\n\n\n<div class=\"wp-block-uagb-container main-page-inside-yellow uagb-block-25bf9e2f alignfull uagb-is-root-container\">\n<p class=\"pointing\">Per garantire l'accessibilit\u00e0 linguistica dei materiali del progetto, questi saranno disponibili nelle seguenti lingue\/dialetti principali e minoritari:<\/p>\n\n\n\n<ul class=\"wp-block-list\">\n<li><em>Inglese<\/em><\/li>\n\n\n\n<li><em>Portoghese<\/em><\/li>\n\n\n\n<li><em>Mirandese<\/em><\/li>\n\n\n\n<li><em>Greco<\/em><\/li>\n\n\n\n<li><em>Greco cipriota<\/em><\/li>\n\n\n\n<li><em>Francese<\/em><\/li>\n\n\n\n<li><em>Creolo martinicano<\/em><\/li>\n\n\n\n<li><em>Olandese (fiammingo)<\/em><\/li>\n\n\n\n<li><em>Fiammingo occidentale<\/em><\/li>\n\n\n\n<li><em>Italiano<\/em><\/li>\n\n\n\n<li><em>Siciliano<\/em><\/li>\n<\/ul>\n<\/div>\n<\/div>\n\n\n\n<div data-aos= \"slide-up\" data-aos-duration=\"400\" data-aos-delay=\"0\" data-aos-easing=\"ease\" data-aos-once=\"true\" class=\"wp-block-uagb-container home-section-3 uagb-block-f1d3a09b alignfull uagb-is-root-container\">\n<blockquote class=\"wp-block-quote is-layout-flow wp-block-quote-is-layout-flow\">\n<h2 class=\"wp-block-heading has-text-align-center translation-block\">\"\u201c\u00c8 attraverso il linguaggio che conosciamo il mondo. \u00c8 attraverso il nostro linguaggio che esprimiamo la nostra identit\u00e0.\u201d\n\u2014 Nelson Mandela\"<\/h2>\n<\/blockquote>\n<\/div>","protected":false},"excerpt":{"rendered":"<p>ABOUT THE PROJECT LIAISE is an Erasmus+<\/p>","protected":false},"author":1,"featured_media":0,"parent":0,"menu_order":0,"comment_status":"closed","ping_status":"closed","template":"page-fluid.php","meta":{"_acf_changed":false,"_uag_custom_page_level_css":"","footnotes":""},"class_list":["post-73","page","type-page","status-publish","hentry"],"acf":[],"yoast_head":"<!-- This site is optimized with the Yoast SEO plugin v25.3.1 - https:\/\/yoast.com\/wordpress\/plugins\/seo\/ -->\n<title>About - Liaise<\/title>\n<meta name=\"robots\" content=\"index, follow, max-snippet:-1, max-image-preview:large, max-video-preview:-1\" \/>\n<link rel=\"canonical\" href=\"https:\/\/liaise-project.eu\/it\/about\/\" \/>\n<meta property=\"og:locale\" content=\"it_IT\" \/>\n<meta property=\"og:type\" content=\"article\" \/>\n<meta property=\"og:title\" content=\"About - Liaise\" \/>\n<meta property=\"og:description\" content=\"ABOUT THE PROJECT LIAISE is an Erasmus+\" \/>\n<meta property=\"og:url\" content=\"https:\/\/liaise-project.eu\/it\/about\/\" \/>\n<meta property=\"og:site_name\" content=\"Liaise\" \/>\n<meta property=\"article:modified_time\" content=\"2025-04-29T09:26:10+00:00\" \/>\n<meta property=\"og:image\" content=\"https:\/\/liaise-project.eu\/wp-content\/uploads\/2025\/04\/2222.jpg\" \/>\n\t<meta property=\"og:image:width\" content=\"1111\" \/>\n\t<meta property=\"og:image:height\" content=\"742\" \/>\n\t<meta property=\"og:image:type\" content=\"image\/jpeg\" \/>\n<meta name=\"twitter:card\" content=\"summary_large_image\" \/>\n<meta name=\"twitter:label1\" content=\"Tempo di lettura stimato\" \/>\n\t<meta name=\"twitter:data1\" content=\"2 minuti\" \/>\n<script type=\"application\/ld+json\" class=\"yoast-schema-graph\">{\"@context\":\"https:\/\/schema.org\",\"@graph\":[{\"@type\":\"WebPage\",\"@id\":\"https:\/\/liaise-project.eu\/about\/\",\"url\":\"https:\/\/liaise-project.eu\/about\/\",\"name\":\"About - Liaise\",\"isPartOf\":{\"@id\":\"https:\/\/liaise-project.eu\/#website\"},\"primaryImageOfPage\":{\"@id\":\"https:\/\/liaise-project.eu\/about\/#primaryimage\"},\"image\":{\"@id\":\"https:\/\/liaise-project.eu\/about\/#primaryimage\"},\"thumbnailUrl\":\"https:\/\/liaise-project.eu\/wp-content\/uploads\/2025\/04\/2222.jpg\",\"datePublished\":\"2025-04-25T14:37:28+00:00\",\"dateModified\":\"2025-04-29T09:26:10+00:00\",\"breadcrumb\":{\"@id\":\"https:\/\/liaise-project.eu\/about\/#breadcrumb\"},\"inLanguage\":\"it-IT\",\"potentialAction\":[{\"@type\":\"ReadAction\",\"target\":[\"https:\/\/liaise-project.eu\/about\/\"]}]},{\"@type\":\"ImageObject\",\"inLanguage\":\"it-IT\",\"@id\":\"https:\/\/liaise-project.eu\/about\/#primaryimage\",\"url\":\"https:\/\/liaise-project.eu\/wp-content\/uploads\/2025\/04\/2222.jpg\",\"contentUrl\":\"https:\/\/liaise-project.eu\/wp-content\/uploads\/2025\/04\/2222.jpg\"},{\"@type\":\"BreadcrumbList\",\"@id\":\"https:\/\/liaise-project.eu\/about\/#breadcrumb\",\"itemListElement\":[{\"@type\":\"ListItem\",\"position\":1,\"name\":\"Home\",\"item\":\"https:\/\/liaise-project.eu\/\"},{\"@type\":\"ListItem\",\"position\":2,\"name\":\"About\"}]},{\"@type\":\"WebSite\",\"@id\":\"https:\/\/liaise-project.eu\/#website\",\"url\":\"https:\/\/liaise-project.eu\/\",\"name\":\"Liaise\",\"description\":\"\",\"potentialAction\":[{\"@type\":\"SearchAction\",\"target\":{\"@type\":\"EntryPoint\",\"urlTemplate\":\"https:\/\/liaise-project.eu\/?s={search_term_string}\"},\"query-input\":{\"@type\":\"PropertyValueSpecification\",\"valueRequired\":true,\"valueName\":\"search_term_string\"}}],\"inLanguage\":\"it-IT\"}]}<\/script>\n<!-- \/ Yoast SEO plugin. -->","yoast_head_json":{"title":"About - Liaise","robots":{"index":"index","follow":"follow","max-snippet":"max-snippet:-1","max-image-preview":"max-image-preview:large","max-video-preview":"max-video-preview:-1"},"canonical":"https:\/\/liaise-project.eu\/it\/about\/","og_locale":"it_IT","og_type":"article","og_title":"About - Liaise","og_description":"ABOUT THE PROJECT LIAISE is an Erasmus+","og_url":"https:\/\/liaise-project.eu\/it\/about\/","og_site_name":"Liaise","article_modified_time":"2025-04-29T09:26:10+00:00","og_image":[{"width":1111,"height":742,"url":"https:\/\/liaise-project.eu\/wp-content\/uploads\/2025\/04\/2222.jpg","type":"image\/jpeg"}],"twitter_card":"summary_large_image","twitter_misc":{"Tempo di lettura stimato":"2 minuti"},"schema":{"@context":"https:\/\/schema.org","@graph":[{"@type":"WebPage","@id":"https:\/\/liaise-project.eu\/about\/","url":"https:\/\/liaise-project.eu\/about\/","name":"About - Liaise","isPartOf":{"@id":"https:\/\/liaise-project.eu\/#website"},"primaryImageOfPage":{"@id":"https:\/\/liaise-project.eu\/about\/#primaryimage"},"image":{"@id":"https:\/\/liaise-project.eu\/about\/#primaryimage"},"thumbnailUrl":"https:\/\/liaise-project.eu\/wp-content\/uploads\/2025\/04\/2222.jpg","datePublished":"2025-04-25T14:37:28+00:00","dateModified":"2025-04-29T09:26:10+00:00","breadcrumb":{"@id":"https:\/\/liaise-project.eu\/about\/#breadcrumb"},"inLanguage":"it-IT","potentialAction":[{"@type":"ReadAction","target":["https:\/\/liaise-project.eu\/about\/"]}]},{"@type":"ImageObject","inLanguage":"it-IT","@id":"https:\/\/liaise-project.eu\/about\/#primaryimage","url":"https:\/\/liaise-project.eu\/wp-content\/uploads\/2025\/04\/2222.jpg","contentUrl":"https:\/\/liaise-project.eu\/wp-content\/uploads\/2025\/04\/2222.jpg"},{"@type":"BreadcrumbList","@id":"https:\/\/liaise-project.eu\/about\/#breadcrumb","itemListElement":[{"@type":"ListItem","position":1,"name":"Home","item":"https:\/\/liaise-project.eu\/"},{"@type":"ListItem","position":2,"name":"About"}]},{"@type":"WebSite","@id":"https:\/\/liaise-project.eu\/#website","url":"https:\/\/liaise-project.eu\/","name":"Liaise","description":"","potentialAction":[{"@type":"SearchAction","target":{"@type":"EntryPoint","urlTemplate":"https:\/\/liaise-project.eu\/?s={search_term_string}"},"query-input":{"@type":"PropertyValueSpecification","valueRequired":true,"valueName":"search_term_string"}}],"inLanguage":"it-IT"}]}},"uagb_featured_image_src":{"full":false,"thumbnail":false,"medium":false,"medium_large":false,"large":false,"1536x1536":false,"2048x2048":false,"trp-custom-language-flag":false},"uagb_author_info":{"display_name":"admin","author_link":"https:\/\/liaise-project.eu\/it\/author\/liaisewpadmn\/"},"uagb_comment_info":0,"uagb_excerpt":"ABOUT THE PROJECT LIAISE is an Erasmus+","_links":{"self":[{"href":"https:\/\/liaise-project.eu\/it\/wp-json\/wp\/v2\/pages\/73","targetHints":{"allow":["GET"]}}],"collection":[{"href":"https:\/\/liaise-project.eu\/it\/wp-json\/wp\/v2\/pages"}],"about":[{"href":"https:\/\/liaise-project.eu\/it\/wp-json\/wp\/v2\/types\/page"}],"author":[{"embeddable":true,"href":"https:\/\/liaise-project.eu\/it\/wp-json\/wp\/v2\/users\/1"}],"replies":[{"embeddable":true,"href":"https:\/\/liaise-project.eu\/it\/wp-json\/wp\/v2\/comments?post=73"}],"version-history":[{"count":10,"href":"https:\/\/liaise-project.eu\/it\/wp-json\/wp\/v2\/pages\/73\/revisions"}],"predecessor-version":[{"id":205,"href":"https:\/\/liaise-project.eu\/it\/wp-json\/wp\/v2\/pages\/73\/revisions\/205"}],"wp:attachment":[{"href":"https:\/\/liaise-project.eu\/it\/wp-json\/wp\/v2\/media?parent=73"}],"curies":[{"name":"wp","href":"https:\/\/api.w.org\/{rel}","templated":true}]}}