{"id":110,"date":"2025-04-28T09:39:46","date_gmt":"2025-04-28T09:39:46","guid":{"rendered":"https:\/\/liaise-project.eu\/?page_id=110"},"modified":"2025-08-28T09:24:28","modified_gmt":"2025-08-28T09:24:28","slug":"results","status":"publish","type":"page","link":"https:\/\/liaise-project.eu\/mir\/results\/","title":{"rendered":"Resultados"},"content":{"rendered":"<div class=\"wp-block-uagb-container section-img uagb-block-4e28198a alignfull uagb-is-root-container\">\n<figure class=\"wp-block-image size-full\"><img loading=\"lazy\" decoding=\"async\" width=\"2169\" height=\"344\" src=\"https:\/\/liaise-project.eu\/wp-content\/uploads\/2025\/04\/results.jpg\" alt=\"results\" class=\"wp-image-111\" srcset=\"https:\/\/liaise-project.eu\/wp-content\/uploads\/2025\/04\/results.jpg 2169w, https:\/\/liaise-project.eu\/wp-content\/uploads\/2025\/04\/results-650x103.jpg 650w, https:\/\/liaise-project.eu\/wp-content\/uploads\/2025\/04\/results-1280x203.jpg 1280w, https:\/\/liaise-project.eu\/wp-content\/uploads\/2025\/04\/results-768x122.jpg 768w, https:\/\/liaise-project.eu\/wp-content\/uploads\/2025\/04\/results-1536x244.jpg 1536w, https:\/\/liaise-project.eu\/wp-content\/uploads\/2025\/04\/results-2048x325.jpg 2048w\" sizes=\"auto, (max-width: 2169px) 100vw, 2169px\" \/><\/figure>\n<\/div>\n\n\n\n<div data-aos= \"fade-up\" data-aos-duration=\"400\" data-aos-delay=\"0\" data-aos-easing=\"ease\" data-aos-once=\"true\" class=\"wp-block-uagb-container main-page-results uagb-block-da431a8e alignfull uagb-is-root-container\">\n<h2 class=\"wp-block-heading\">Resultados<\/h2>\n\n\n\n<p>Splore ls materiales que cri\u00e1mos al lhongo de l'amplementa\u00e7on de l Porjeto LIAISE. Ls resultados ancluen ua multiplicidade de recursos eiducatibos defrentes para porsores i alunos. Nabegue por esta p\u00e1igina, aceda a las p\u00e1iginas de ls respetibos resultados i junte-se a n\u00f3s nesta biaige eiducatiba!<\/p>\n\n\n\n<div class=\"wp-block-uagb-container main-inside-white uagb-block-b2d27e6c alignfull uagb-is-root-container\">\n<div class=\"wp-block-columns are-vertically-aligned-center is-layout-flex wp-container-core-columns-is-layout-9d6595d7 wp-block-columns-is-layout-flex\">\n<div class=\"wp-block-column is-vertically-aligned-center is-layout-flow wp-block-column-is-layout-flow\" style=\"flex-basis:10%\"><div class=\"wp-block-image\">\n<figure class=\"alignleft size-full is-resized\"><img loading=\"lazy\" decoding=\"async\" width=\"300\" height=\"300\" src=\"https:\/\/liaise-project.eu\/wp-content\/uploads\/2025\/04\/23.png\" alt=\"23\" class=\"wp-image-112\" style=\"object-fit:contain;width:100px;height:100px\"\/><\/figure><\/div><\/div>\n\n\n\n<div class=\"wp-block-column is-vertically-aligned-center is-layout-flow wp-block-column-is-layout-flow\" style=\"flex-basis:90%\">\n<h3 class=\"wp-block-heading\">Guia de Percurso Lhengu\u00edstico (Guia Eiducatibo Anteligente)<\/h3>\n\n\n\n<p>Guia cumpleto cun anforma\u00e7ones baliosas subre daprendizaige adatatiba i daprendizaige outom\u00e1tica, ourientando ls porsores subre la forma d'antegrar estas tecnologies an salas d'aula multelingues.<br><a class=\"results-links\" href=\"https:\/\/liaise-project.eu\/wp-content\/uploads\/2025\/08\/Mirandes_-Smart-Education-Guide-Linguistic-Pathfinder-PT.pdf\" target=\"_blank\" rel=\"noreferrer noopener\"><span class=\"pdficon fa-regular fa-file-pdf\"><\/span>Lher l guia<\/a><\/p>\n<\/div>\n<\/div>\n\n\n\n<div class=\"wp-block-columns are-vertically-aligned-center is-layout-flex wp-container-core-columns-is-layout-9d6595d7 wp-block-columns-is-layout-flex\">\n<div class=\"wp-block-column is-vertically-aligned-center is-layout-flow wp-block-column-is-layout-flow\" style=\"flex-basis:10%\"><div class=\"wp-block-image\">\n<figure class=\"alignleft size-full is-resized\"><img loading=\"lazy\" decoding=\"async\" width=\"300\" height=\"300\" src=\"https:\/\/liaise-project.eu\/wp-content\/uploads\/2025\/04\/24.png\" alt=\"24\" class=\"wp-image-113\" style=\"object-fit:contain;width:100px;height:100px\"\/><\/figure><\/div><\/div>\n\n\n\n<div class=\"wp-block-column is-vertically-aligned-center is-layout-flow wp-block-column-is-layout-flow\" style=\"flex-basis:90%\">\n<h3 class=\"wp-block-heading\">Mosaico Cultural (Plataforma Colaboratiba de Daprendizaige de Lh\u00e9nguas)<\/h3>\n\n\n\n<p>Plataforma online que cunt\u00e9n ua biblioteca de recursos para lh\u00e9nguas\/dialetos minoritairos, un f\u00f3run quemunitairo, m\u00f3dulos de forma\u00e7on an RB i un painel de cuntrolo anal\u00edtico de la daprendizaige.<br>Bejitar la plataforma<\/p>\n<\/div>\n<\/div>\n\n\n\n<div class=\"wp-block-columns are-vertically-aligned-center is-layout-flex wp-container-core-columns-is-layout-9d6595d7 wp-block-columns-is-layout-flex\">\n<div class=\"wp-block-column is-vertically-aligned-center is-layout-flow wp-block-column-is-layout-flow\" style=\"flex-basis:10%\"><div class=\"wp-block-image\">\n<figure class=\"alignleft size-full is-resized\"><img loading=\"lazy\" decoding=\"async\" width=\"300\" height=\"300\" src=\"https:\/\/liaise-project.eu\/wp-content\/uploads\/2025\/04\/25.png\" alt=\"25\" class=\"wp-image-114\" style=\"object-fit:contain;width:100px;height:100px\"\/><\/figure><\/div><\/div>\n\n\n\n<div class=\"wp-block-column is-vertically-aligned-center is-layout-flow wp-block-column-is-layout-flow\" style=\"flex-basis:90%\">\n<h3 class=\"wp-block-heading\">Puonte de Di\u00e1logo (Workshops de Quemunica\u00e7on Cultural)<\/h3>\n\n\n\n<p>Workshops subre quemunica\u00e7on cultural nas salas d'aula, eiquipados cun guias i ferramientas digitales.<br>Ber ls materiales<\/p>\n<\/div>\n<\/div>\n\n\n\n<div class=\"wp-block-columns are-vertically-aligned-center is-layout-flex wp-container-core-columns-is-layout-9d6595d7 wp-block-columns-is-layout-flex\">\n<div class=\"wp-block-column is-vertically-aligned-center is-layout-flow wp-block-column-is-layout-flow\" style=\"flex-basis:10%\"><div class=\"wp-block-image\">\n<figure class=\"alignleft size-full is-resized\"><img loading=\"lazy\" decoding=\"async\" width=\"300\" height=\"300\" src=\"https:\/\/liaise-project.eu\/wp-content\/uploads\/2025\/04\/26.png\" alt=\"26\" class=\"wp-image-115\" style=\"object-fit:contain;width:100px;height:100px\"\/><\/figure><\/div><\/div>\n\n\n\n<div class=\"wp-block-column is-vertically-aligned-center is-layout-flow wp-block-column-is-layout-flow\" style=\"flex-basis:90%\">\n<h3 class=\"wp-block-heading\">Mapa anteratibo de dialetos<\/h3>\n\n\n\n<p>Un mapa anteratibo cumpleto de dialetos cun 120 antradas para b\u00e1rias lh\u00e9nguas minorit\u00e1rias i dialetos.<br>Bejitar la plataforma<\/p>\n<\/div>\n<\/div>\n\n\n\n<div class=\"wp-block-columns are-vertically-aligned-center is-layout-flex wp-container-core-columns-is-layout-9d6595d7 wp-block-columns-is-layout-flex\">\n<div class=\"wp-block-column is-vertically-aligned-center is-layout-flow wp-block-column-is-layout-flow\" style=\"flex-basis:10%\"><div class=\"wp-block-image\">\n<figure class=\"alignleft size-full is-resized\"><img loading=\"lazy\" decoding=\"async\" width=\"300\" height=\"300\" src=\"https:\/\/liaise-project.eu\/wp-content\/uploads\/2025\/04\/27.png\" alt=\"27\" class=\"wp-image-116\" style=\"object-fit:contain;width:100px;height:100px\"\/><\/figure><\/div><\/div>\n\n\n\n<div class=\"wp-block-column is-vertically-aligned-center is-layout-flow wp-block-column-is-layout-flow\" style=\"flex-basis:90%\">\n<h3 class=\"wp-block-heading\">Recursos Eiducatibos<\/h3>\n\n\n\n<p>Ua bariadade de recursos, cuntendo prainos d'aulas adatados a dibersos ambientes de daprendizaige, promobendo m\u00e9todos i strat\u00e9gias multiculturales i multelingues nas salas d'aula.<br>Ber ls materiales<\/p>\n<\/div>\n<\/div>\n<\/div>\n<\/div>\n\n\n\n<div data-aos= \"slide-up\" data-aos-duration=\"400\" data-aos-delay=\"0\" data-aos-easing=\"ease\" data-aos-once=\"true\" class=\"wp-block-uagb-container home-section-3 uagb-block-f1d3a09b alignfull uagb-is-root-container\">\n<blockquote class=\"wp-block-quote is-layout-flow wp-block-quote-is-layout-flow\">\n<h2 class=\"wp-block-heading has-text-align-center translation-block\">\u201cLinguistic diversity is a treasure of humanity<br>that must be preserved.\u201d<br>\u2014 UNESCO<\/h2>\n<\/blockquote>\n<\/div>","protected":false},"excerpt":{"rendered":"<p>RESULTS Explore the materials we have created<\/p>","protected":false},"author":1,"featured_media":0,"parent":0,"menu_order":0,"comment_status":"closed","ping_status":"closed","template":"page-fluid.php","meta":{"_acf_changed":false,"_uag_custom_page_level_css":"","footnotes":""},"class_list":["post-110","page","type-page","status-publish","hentry"],"acf":[],"yoast_head":"<!-- This site is optimized with the Yoast SEO plugin v25.3.1 - https:\/\/yoast.com\/wordpress\/plugins\/seo\/ -->\n<title>Results - Liaise<\/title>\n<meta name=\"robots\" content=\"index, follow, max-snippet:-1, max-image-preview:large, max-video-preview:-1\" \/>\n<link rel=\"canonical\" href=\"https:\/\/liaise-project.eu\/mir\/results\/\" \/>\n<meta property=\"og:locale\" content=\"en_US\" \/>\n<meta property=\"og:type\" content=\"article\" \/>\n<meta property=\"og:title\" content=\"Results - Liaise\" \/>\n<meta property=\"og:description\" content=\"RESULTS Explore the materials we have created\" \/>\n<meta property=\"og:url\" content=\"https:\/\/liaise-project.eu\/mir\/results\/\" \/>\n<meta property=\"og:site_name\" content=\"Liaise\" \/>\n<meta property=\"article:modified_time\" content=\"2025-08-28T09:24:28+00:00\" \/>\n<meta property=\"og:image\" content=\"https:\/\/liaise-project.eu\/wp-content\/uploads\/2025\/04\/results.jpg\" \/>\n\t<meta property=\"og:image:width\" content=\"2169\" \/>\n\t<meta property=\"og:image:height\" content=\"344\" \/>\n\t<meta property=\"og:image:type\" content=\"image\/jpeg\" \/>\n<meta name=\"twitter:card\" content=\"summary_large_image\" \/>\n<meta name=\"twitter:label1\" content=\"Est. reading time\" \/>\n\t<meta name=\"twitter:data1\" content=\"2 minutes\" \/>\n<script type=\"application\/ld+json\" class=\"yoast-schema-graph\">{\"@context\":\"https:\/\/schema.org\",\"@graph\":[{\"@type\":\"WebPage\",\"@id\":\"https:\/\/liaise-project.eu\/results\/\",\"url\":\"https:\/\/liaise-project.eu\/results\/\",\"name\":\"Results - Liaise\",\"isPartOf\":{\"@id\":\"https:\/\/liaise-project.eu\/#website\"},\"primaryImageOfPage\":{\"@id\":\"https:\/\/liaise-project.eu\/results\/#primaryimage\"},\"image\":{\"@id\":\"https:\/\/liaise-project.eu\/results\/#primaryimage\"},\"thumbnailUrl\":\"https:\/\/liaise-project.eu\/wp-content\/uploads\/2025\/04\/results.jpg\",\"datePublished\":\"2025-04-28T09:39:46+00:00\",\"dateModified\":\"2025-08-28T09:24:28+00:00\",\"breadcrumb\":{\"@id\":\"https:\/\/liaise-project.eu\/results\/#breadcrumb\"},\"inLanguage\":\"mir\",\"potentialAction\":[{\"@type\":\"ReadAction\",\"target\":[\"https:\/\/liaise-project.eu\/results\/\"]}]},{\"@type\":\"ImageObject\",\"inLanguage\":\"mir\",\"@id\":\"https:\/\/liaise-project.eu\/results\/#primaryimage\",\"url\":\"https:\/\/liaise-project.eu\/wp-content\/uploads\/2025\/04\/results.jpg\",\"contentUrl\":\"https:\/\/liaise-project.eu\/wp-content\/uploads\/2025\/04\/results.jpg\"},{\"@type\":\"BreadcrumbList\",\"@id\":\"https:\/\/liaise-project.eu\/results\/#breadcrumb\",\"itemListElement\":[{\"@type\":\"ListItem\",\"position\":1,\"name\":\"Home\",\"item\":\"https:\/\/liaise-project.eu\/\"},{\"@type\":\"ListItem\",\"position\":2,\"name\":\"Results\"}]},{\"@type\":\"WebSite\",\"@id\":\"https:\/\/liaise-project.eu\/#website\",\"url\":\"https:\/\/liaise-project.eu\/\",\"name\":\"Liaise\",\"description\":\"\",\"potentialAction\":[{\"@type\":\"SearchAction\",\"target\":{\"@type\":\"EntryPoint\",\"urlTemplate\":\"https:\/\/liaise-project.eu\/?s={search_term_string}\"},\"query-input\":{\"@type\":\"PropertyValueSpecification\",\"valueRequired\":true,\"valueName\":\"search_term_string\"}}],\"inLanguage\":\"mir\"}]}<\/script>\n<!-- \/ Yoast SEO plugin. -->","yoast_head_json":{"title":"Results - Liaise","robots":{"index":"index","follow":"follow","max-snippet":"max-snippet:-1","max-image-preview":"max-image-preview:large","max-video-preview":"max-video-preview:-1"},"canonical":"https:\/\/liaise-project.eu\/mir\/results\/","og_locale":"en_US","og_type":"article","og_title":"Results - Liaise","og_description":"RESULTS Explore the materials we have created","og_url":"https:\/\/liaise-project.eu\/mir\/results\/","og_site_name":"Liaise","article_modified_time":"2025-08-28T09:24:28+00:00","og_image":[{"width":2169,"height":344,"url":"https:\/\/liaise-project.eu\/wp-content\/uploads\/2025\/04\/results.jpg","type":"image\/jpeg"}],"twitter_card":"summary_large_image","twitter_misc":{"Est. reading time":"2 minutes"},"schema":{"@context":"https:\/\/schema.org","@graph":[{"@type":"WebPage","@id":"https:\/\/liaise-project.eu\/results\/","url":"https:\/\/liaise-project.eu\/results\/","name":"Results - Liaise","isPartOf":{"@id":"https:\/\/liaise-project.eu\/#website"},"primaryImageOfPage":{"@id":"https:\/\/liaise-project.eu\/results\/#primaryimage"},"image":{"@id":"https:\/\/liaise-project.eu\/results\/#primaryimage"},"thumbnailUrl":"https:\/\/liaise-project.eu\/wp-content\/uploads\/2025\/04\/results.jpg","datePublished":"2025-04-28T09:39:46+00:00","dateModified":"2025-08-28T09:24:28+00:00","breadcrumb":{"@id":"https:\/\/liaise-project.eu\/results\/#breadcrumb"},"inLanguage":"mir","potentialAction":[{"@type":"ReadAction","target":["https:\/\/liaise-project.eu\/results\/"]}]},{"@type":"ImageObject","inLanguage":"mir","@id":"https:\/\/liaise-project.eu\/results\/#primaryimage","url":"https:\/\/liaise-project.eu\/wp-content\/uploads\/2025\/04\/results.jpg","contentUrl":"https:\/\/liaise-project.eu\/wp-content\/uploads\/2025\/04\/results.jpg"},{"@type":"BreadcrumbList","@id":"https:\/\/liaise-project.eu\/results\/#breadcrumb","itemListElement":[{"@type":"ListItem","position":1,"name":"Home","item":"https:\/\/liaise-project.eu\/"},{"@type":"ListItem","position":2,"name":"Results"}]},{"@type":"WebSite","@id":"https:\/\/liaise-project.eu\/#website","url":"https:\/\/liaise-project.eu\/","name":"Liaise","description":"","potentialAction":[{"@type":"SearchAction","target":{"@type":"EntryPoint","urlTemplate":"https:\/\/liaise-project.eu\/?s={search_term_string}"},"query-input":{"@type":"PropertyValueSpecification","valueRequired":true,"valueName":"search_term_string"}}],"inLanguage":"mir"}]}},"uagb_featured_image_src":{"full":false,"thumbnail":false,"medium":false,"medium_large":false,"large":false,"1536x1536":false,"2048x2048":false,"trp-custom-language-flag":false},"uagb_author_info":{"display_name":"admin","author_link":"https:\/\/liaise-project.eu\/mir\/author\/liaisewpadmn\/"},"uagb_comment_info":0,"uagb_excerpt":"RESULTS Explore the materials we have created","_links":{"self":[{"href":"https:\/\/liaise-project.eu\/mir\/wp-json\/wp\/v2\/pages\/110","targetHints":{"allow":["GET"]}}],"collection":[{"href":"https:\/\/liaise-project.eu\/mir\/wp-json\/wp\/v2\/pages"}],"about":[{"href":"https:\/\/liaise-project.eu\/mir\/wp-json\/wp\/v2\/types\/page"}],"author":[{"embeddable":true,"href":"https:\/\/liaise-project.eu\/mir\/wp-json\/wp\/v2\/users\/1"}],"replies":[{"embeddable":true,"href":"https:\/\/liaise-project.eu\/mir\/wp-json\/wp\/v2\/comments?post=110"}],"version-history":[{"count":10,"href":"https:\/\/liaise-project.eu\/mir\/wp-json\/wp\/v2\/pages\/110\/revisions"}],"predecessor-version":[{"id":351,"href":"https:\/\/liaise-project.eu\/mir\/wp-json\/wp\/v2\/pages\/110\/revisions\/351"}],"wp:attachment":[{"href":"https:\/\/liaise-project.eu\/mir\/wp-json\/wp\/v2\/media?parent=110"}],"curies":[{"name":"wp","href":"https:\/\/api.w.org\/{rel}","templated":true}]}}