{"id":73,"date":"2025-04-25T14:37:28","date_gmt":"2025-04-25T14:37:28","guid":{"rendered":"https:\/\/liaise-project.eu\/?page_id=73"},"modified":"2025-04-29T09:26:10","modified_gmt":"2025-04-29T09:26:10","slug":"about","status":"publish","type":"page","link":"https:\/\/liaise-project.eu\/mir\/about\/","title":{"rendered":"Subre"},"content":{"rendered":"<div data-aos= \"fade-up\" data-aos-duration=\"400\" data-aos-delay=\"0\" data-aos-easing=\"ease\" data-aos-once=\"true\" class=\"wp-block-uagb-container about-section-1 uagb-block-ec3ed751 alignfull uagb-is-root-container\">\n<h2 class=\"wp-block-heading\">Subre l Porjeto<\/h2>\n\n\n\n<div class=\"wp-block-uagb-container main-page-inside-blue uagb-block-6da24eda alignfull uagb-is-root-container\">\n<div class=\"wp-block-columns is-layout-flex wp-container-core-columns-is-layout-9d6595d7 wp-block-columns-is-layout-flex\">\n<div class=\"wp-block-column is-layout-flow wp-block-column-is-layout-flow\" style=\"flex-basis:66.66%\">\n<p>LIAISE ye un porjeto Erasmus+ baseado ne l perc\u00edpio i na necidade amperatiba de preserbar la dibersidade lhengu\u00edstica i salbaguardar las lh\u00e9nguas minorit\u00e1rias, tal cumo defendido por ourganiza\u00e7ones ouropeias i anternacionales.<\/p>\n\n\n\n<p>L'eisecu\u00e7on de l porjeto adotar\u00e1 medidas que promoban, proteijan i rebitalizen las lh\u00e9nguas i dialetos regionales i minoritairos. Ls materiales de l porjeto, tales cumo recursos eiducatibos, pordu\u00e7ones culturales i plataformas an lhinha, staran \u00e7ponibles nessas lh\u00e9nguas minorit\u00e1rias, oumentando la sue besibelidade na bida p\u00fablica.<\/p>\n\n\n\n<p>Tal permitir\u00e1 criar i promober sociadades anclusibas adonde la dibersidade lhengu\u00edstica i cultural ye apoiada i celebrada.<\/p>\n<\/div>\n\n\n\n<div class=\"wp-block-column is-layout-flow wp-block-column-is-layout-flow\" style=\"flex-basis:33.33%\">\n<figure class=\"wp-block-image size-full\"><img loading=\"lazy\" decoding=\"async\" width=\"1111\" height=\"742\" src=\"https:\/\/liaise-project.eu\/wp-content\/uploads\/2025\/04\/2222.jpg\" alt=\"2222\" class=\"wp-image-80\" srcset=\"https:\/\/liaise-project.eu\/wp-content\/uploads\/2025\/04\/2222.jpg 1111w, https:\/\/liaise-project.eu\/wp-content\/uploads\/2025\/04\/2222-650x434.jpg 650w, https:\/\/liaise-project.eu\/wp-content\/uploads\/2025\/04\/2222-768x513.jpg 768w\" sizes=\"auto, (max-width: 1111px) 100vw, 1111px\" \/><\/figure>\n<\/div>\n<\/div>\n<\/div>\n<\/div>\n\n\n\n<div data-aos= \"slide-up\" data-aos-duration=\"400\" data-aos-delay=\"0\" data-aos-easing=\"ease\" data-aos-once=\"true\" class=\"wp-block-uagb-container about-section-2 uagb-block-b3ffc2d3 alignfull uagb-is-root-container\">\n<h2 class=\"wp-block-heading\">Oubjetibos de l Porjeto<\/h2>\n\n\n\n<div class=\"wp-block-uagb-container main-page-inside-green uagb-block-dbc0b82f alignfull uagb-is-root-container\">\n<p class=\"pointing\">Las metas de l porjeto alinhan-se culs oubjetibos gerales de preserba\u00e7on cultural i lhengu\u00edstica, coeson social i promo\u00e7on de la cumprenson m\u00fatua antre quemunidades dibersas.<\/p>\n\n\n\n<p>Ls oubjetibos spec\u00edficos de l porjeto LIAISE son:<\/p>\n\n\n\n<p><strong>1.<\/strong>&nbsp;Promober la dibersidade lhengu\u00edstica i l'ancluson, tanto ne l meio scolar cumo na sociadade.<\/p>\n\n\n\n<p><strong>2.<\/strong> Refor\u00e7ar l'eiduca\u00e7on multelingue, cun special ancid\u00e9ncia nas lh\u00e9nguas i dialetos minoritairos an risco de stin\u00e7on.<\/p>\n\n\n\n<p><strong>3.<\/strong>&nbsp;Zambolber recursos multelingues i acessibles para porsores i eiducadores.<\/p>\n\n\n\n<p><strong>4.<\/strong> Apoiar l'ampenho c\u00edbico i la participa\u00e7on atiba de grupos lhengu\u00edstica i culturalmente marginalizados.<\/p>\n\n\n\n<p><strong>5.<\/strong>&nbsp;Sensibelizar pa las questones relacionadas culas minories lhengu\u00edsticas i pa la sue besibelidade na bida social i eiducatiba quotidiana.<\/p>\n\n\n\n<p><strong>6.<\/strong>&nbsp;Assegurar l'eigualdade d'acesso a l'eiduca\u00e7on a todos ls alunos, andependientemente de la sue ourige cultural i\/\u00f3 lhengu\u00edstica.<\/p>\n\n\n\n<p><strong>7.<\/strong> Capacitar las quemunidades para celebrar i promober la dibersidade lhengu\u00edstica.<\/p>\n<\/div>\n<\/div>\n\n\n\n<div data-aos= \"fade-up\" data-aos-duration=\"400\" data-aos-delay=\"0\" data-aos-easing=\"ease\" data-aos-once=\"true\" class=\"wp-block-uagb-container about-section-3 uagb-block-67daff29 alignfull uagb-is-root-container\">\n<h2 class=\"wp-block-heading\">Grupo-albo<\/h2>\n\n\n\n<div class=\"wp-block-uagb-container main-page-inside-orange uagb-block-17ee085b alignfull uagb-is-root-container\">\n<p class=\"pointing\">L p\u00fablico-albo de l porjeto ancorpora ua bariadade de defrentes grupos i anterbenientes, trazendo ua mudan\u00e7a i un ampato seneficatibos para ua eiduca\u00e7on plurelingue anclusiba i acessible.<\/p>\n\n\n\n<h3 class=\"wp-block-heading\">Grupos diretos:<\/h3>\n\n\n\n<p>Porsores i pessonal scolar<br><br>Studantes ouriundos de minories lhengu\u00edsticas<br><br>Pais d'alunos de minories lhengu\u00edsticas<\/p>\n\n\n\n<h3 class=\"wp-block-heading\">Grupos andiretos:<\/h3>\n\n\n\n<p>Admenistradores scolares i decisores pol\u00edticos<br><br>Grupos lhengu\u00edsticos i peritos de la quemunidade lhocal<\/p>\n<\/div>\n<\/div>\n\n\n\n<div data-aos= \"slide-up\" data-aos-duration=\"400\" data-aos-delay=\"0\" data-aos-easing=\"ease\" data-aos-once=\"true\" class=\"wp-block-uagb-container about-section-4 uagb-block-22ff7d56 alignfull uagb-is-root-container\">\n<h2 class=\"wp-block-heading\">Lh\u00e9nguas de l porjeto<\/h2>\n\n\n\n<div class=\"wp-block-uagb-container main-page-inside-yellow uagb-block-25bf9e2f alignfull uagb-is-root-container\">\n<p class=\"pointing\">Para garantir l'acessibelidade lhengu\u00edstica de ls materiales de l porjeto, estes staran \u00e7ponibles nas seguintes lh\u00e9nguas\/dialetos percipales i minoritairos:<\/p>\n\n\n\n<ul class=\"wp-block-list\">\n<li><em>Angl\u00e9s<\/em><\/li>\n\n\n\n<li><em>Pertu\u00e9s<\/em><\/li>\n\n\n\n<li><em>Mirand\u00e9s<\/em><\/li>\n\n\n\n<li><em>Griego<\/em><\/li>\n\n\n\n<li><em>Griego cipriota<\/em><\/li>\n\n\n\n<li><em>Franc\u00e9s<\/em><\/li>\n\n\n\n<li><em>Crioulo Martenicano<\/em><\/li>\n\n\n\n<li><em>Houland\u00e9s (flamengo)<\/em><\/li>\n\n\n\n<li><em>Flamengo Oucidental<\/em><\/li>\n\n\n\n<li><em>Eitaliano<\/em><\/li>\n\n\n\n<li><em>Siceliano<\/em><\/li>\n<\/ul>\n<\/div>\n<\/div>\n\n\n\n<div data-aos= \"slide-up\" data-aos-duration=\"400\" data-aos-delay=\"0\" data-aos-easing=\"ease\" data-aos-once=\"true\" class=\"wp-block-uagb-container home-section-3 uagb-block-f1d3a09b alignfull uagb-is-root-container\">\n<blockquote class=\"wp-block-quote is-layout-flow wp-block-quote-is-layout-flow\">\n<h2 class=\"wp-block-heading has-text-align-center translation-block\">\u201cIt is through language that we come to know the world. It is<br>through our language that we express our identity.\u201d<br>\u2014 Nelson Mandela<\/h2>\n<\/blockquote>\n<\/div>","protected":false},"excerpt":{"rendered":"<p>ABOUT THE PROJECT LIAISE is an Erasmus+<\/p>","protected":false},"author":1,"featured_media":0,"parent":0,"menu_order":0,"comment_status":"closed","ping_status":"closed","template":"page-fluid.php","meta":{"_acf_changed":false,"_uag_custom_page_level_css":"","footnotes":""},"class_list":["post-73","page","type-page","status-publish","hentry"],"acf":[],"yoast_head":"<!-- This site is optimized with the Yoast SEO plugin v25.3.1 - https:\/\/yoast.com\/wordpress\/plugins\/seo\/ -->\n<title>About - Liaise<\/title>\n<meta name=\"robots\" content=\"index, follow, max-snippet:-1, max-image-preview:large, max-video-preview:-1\" \/>\n<link rel=\"canonical\" href=\"https:\/\/liaise-project.eu\/mir\/about\/\" \/>\n<meta property=\"og:locale\" content=\"en_US\" \/>\n<meta property=\"og:type\" content=\"article\" \/>\n<meta property=\"og:title\" content=\"About - Liaise\" \/>\n<meta property=\"og:description\" content=\"ABOUT THE PROJECT LIAISE is an Erasmus+\" \/>\n<meta property=\"og:url\" content=\"https:\/\/liaise-project.eu\/mir\/about\/\" \/>\n<meta property=\"og:site_name\" content=\"Liaise\" \/>\n<meta property=\"article:modified_time\" content=\"2025-04-29T09:26:10+00:00\" \/>\n<meta property=\"og:image\" content=\"https:\/\/liaise-project.eu\/wp-content\/uploads\/2025\/04\/2222.jpg\" \/>\n\t<meta property=\"og:image:width\" content=\"1111\" \/>\n\t<meta property=\"og:image:height\" content=\"742\" \/>\n\t<meta property=\"og:image:type\" content=\"image\/jpeg\" \/>\n<meta name=\"twitter:card\" content=\"summary_large_image\" \/>\n<meta name=\"twitter:label1\" content=\"Est. reading time\" \/>\n\t<meta name=\"twitter:data1\" content=\"2 minutes\" \/>\n<script type=\"application\/ld+json\" class=\"yoast-schema-graph\">{\"@context\":\"https:\/\/schema.org\",\"@graph\":[{\"@type\":\"WebPage\",\"@id\":\"https:\/\/liaise-project.eu\/about\/\",\"url\":\"https:\/\/liaise-project.eu\/about\/\",\"name\":\"About - Liaise\",\"isPartOf\":{\"@id\":\"https:\/\/liaise-project.eu\/#website\"},\"primaryImageOfPage\":{\"@id\":\"https:\/\/liaise-project.eu\/about\/#primaryimage\"},\"image\":{\"@id\":\"https:\/\/liaise-project.eu\/about\/#primaryimage\"},\"thumbnailUrl\":\"https:\/\/liaise-project.eu\/wp-content\/uploads\/2025\/04\/2222.jpg\",\"datePublished\":\"2025-04-25T14:37:28+00:00\",\"dateModified\":\"2025-04-29T09:26:10+00:00\",\"breadcrumb\":{\"@id\":\"https:\/\/liaise-project.eu\/about\/#breadcrumb\"},\"inLanguage\":\"mir\",\"potentialAction\":[{\"@type\":\"ReadAction\",\"target\":[\"https:\/\/liaise-project.eu\/about\/\"]}]},{\"@type\":\"ImageObject\",\"inLanguage\":\"mir\",\"@id\":\"https:\/\/liaise-project.eu\/about\/#primaryimage\",\"url\":\"https:\/\/liaise-project.eu\/wp-content\/uploads\/2025\/04\/2222.jpg\",\"contentUrl\":\"https:\/\/liaise-project.eu\/wp-content\/uploads\/2025\/04\/2222.jpg\"},{\"@type\":\"BreadcrumbList\",\"@id\":\"https:\/\/liaise-project.eu\/about\/#breadcrumb\",\"itemListElement\":[{\"@type\":\"ListItem\",\"position\":1,\"name\":\"Home\",\"item\":\"https:\/\/liaise-project.eu\/\"},{\"@type\":\"ListItem\",\"position\":2,\"name\":\"About\"}]},{\"@type\":\"WebSite\",\"@id\":\"https:\/\/liaise-project.eu\/#website\",\"url\":\"https:\/\/liaise-project.eu\/\",\"name\":\"Liaise\",\"description\":\"\",\"potentialAction\":[{\"@type\":\"SearchAction\",\"target\":{\"@type\":\"EntryPoint\",\"urlTemplate\":\"https:\/\/liaise-project.eu\/?s={search_term_string}\"},\"query-input\":{\"@type\":\"PropertyValueSpecification\",\"valueRequired\":true,\"valueName\":\"search_term_string\"}}],\"inLanguage\":\"mir\"}]}<\/script>\n<!-- \/ Yoast SEO plugin. -->","yoast_head_json":{"title":"About - Liaise","robots":{"index":"index","follow":"follow","max-snippet":"max-snippet:-1","max-image-preview":"max-image-preview:large","max-video-preview":"max-video-preview:-1"},"canonical":"https:\/\/liaise-project.eu\/mir\/about\/","og_locale":"en_US","og_type":"article","og_title":"About - Liaise","og_description":"ABOUT THE PROJECT LIAISE is an Erasmus+","og_url":"https:\/\/liaise-project.eu\/mir\/about\/","og_site_name":"Liaise","article_modified_time":"2025-04-29T09:26:10+00:00","og_image":[{"width":1111,"height":742,"url":"https:\/\/liaise-project.eu\/wp-content\/uploads\/2025\/04\/2222.jpg","type":"image\/jpeg"}],"twitter_card":"summary_large_image","twitter_misc":{"Est. reading time":"2 minutes"},"schema":{"@context":"https:\/\/schema.org","@graph":[{"@type":"WebPage","@id":"https:\/\/liaise-project.eu\/about\/","url":"https:\/\/liaise-project.eu\/about\/","name":"About - Liaise","isPartOf":{"@id":"https:\/\/liaise-project.eu\/#website"},"primaryImageOfPage":{"@id":"https:\/\/liaise-project.eu\/about\/#primaryimage"},"image":{"@id":"https:\/\/liaise-project.eu\/about\/#primaryimage"},"thumbnailUrl":"https:\/\/liaise-project.eu\/wp-content\/uploads\/2025\/04\/2222.jpg","datePublished":"2025-04-25T14:37:28+00:00","dateModified":"2025-04-29T09:26:10+00:00","breadcrumb":{"@id":"https:\/\/liaise-project.eu\/about\/#breadcrumb"},"inLanguage":"mir","potentialAction":[{"@type":"ReadAction","target":["https:\/\/liaise-project.eu\/about\/"]}]},{"@type":"ImageObject","inLanguage":"mir","@id":"https:\/\/liaise-project.eu\/about\/#primaryimage","url":"https:\/\/liaise-project.eu\/wp-content\/uploads\/2025\/04\/2222.jpg","contentUrl":"https:\/\/liaise-project.eu\/wp-content\/uploads\/2025\/04\/2222.jpg"},{"@type":"BreadcrumbList","@id":"https:\/\/liaise-project.eu\/about\/#breadcrumb","itemListElement":[{"@type":"ListItem","position":1,"name":"Home","item":"https:\/\/liaise-project.eu\/"},{"@type":"ListItem","position":2,"name":"About"}]},{"@type":"WebSite","@id":"https:\/\/liaise-project.eu\/#website","url":"https:\/\/liaise-project.eu\/","name":"Liaise","description":"","potentialAction":[{"@type":"SearchAction","target":{"@type":"EntryPoint","urlTemplate":"https:\/\/liaise-project.eu\/?s={search_term_string}"},"query-input":{"@type":"PropertyValueSpecification","valueRequired":true,"valueName":"search_term_string"}}],"inLanguage":"mir"}]}},"uagb_featured_image_src":{"full":false,"thumbnail":false,"medium":false,"medium_large":false,"large":false,"1536x1536":false,"2048x2048":false,"trp-custom-language-flag":false},"uagb_author_info":{"display_name":"admin","author_link":"https:\/\/liaise-project.eu\/mir\/author\/liaisewpadmn\/"},"uagb_comment_info":0,"uagb_excerpt":"ABOUT THE PROJECT LIAISE is an Erasmus+","_links":{"self":[{"href":"https:\/\/liaise-project.eu\/mir\/wp-json\/wp\/v2\/pages\/73","targetHints":{"allow":["GET"]}}],"collection":[{"href":"https:\/\/liaise-project.eu\/mir\/wp-json\/wp\/v2\/pages"}],"about":[{"href":"https:\/\/liaise-project.eu\/mir\/wp-json\/wp\/v2\/types\/page"}],"author":[{"embeddable":true,"href":"https:\/\/liaise-project.eu\/mir\/wp-json\/wp\/v2\/users\/1"}],"replies":[{"embeddable":true,"href":"https:\/\/liaise-project.eu\/mir\/wp-json\/wp\/v2\/comments?post=73"}],"version-history":[{"count":10,"href":"https:\/\/liaise-project.eu\/mir\/wp-json\/wp\/v2\/pages\/73\/revisions"}],"predecessor-version":[{"id":205,"href":"https:\/\/liaise-project.eu\/mir\/wp-json\/wp\/v2\/pages\/73\/revisions\/205"}],"wp:attachment":[{"href":"https:\/\/liaise-project.eu\/mir\/wp-json\/wp\/v2\/media?parent=73"}],"curies":[{"name":"wp","href":"https:\/\/api.w.org\/{rel}","templated":true}]}}