{"id":2,"date":"2025-04-12T21:10:47","date_gmt":"2025-04-12T21:10:47","guid":{"rendered":"https:\/\/liaise-project.eu\/?page_id=2"},"modified":"2025-05-09T10:34:50","modified_gmt":"2025-05-09T10:34:50","slug":"home","status":"publish","type":"page","link":"https:\/\/liaise-project.eu\/mwl\/","title":{"rendered":"Ak\u00e8y"},"content":{"rendered":"<div class=\"wp-block-uagb-container section-image-1 uagb-block-4e28198a alignfull uagb-is-root-container\">\n<figure class=\"wp-block-image size-full\"><img loading=\"lazy\" decoding=\"async\" width=\"2350\" height=\"364\" src=\"https:\/\/liaise-project.eu\/wp-content\/uploads\/2025\/04\/8.jpg\" alt=\"8\" class=\"wp-image-13\" srcset=\"https:\/\/liaise-project.eu\/wp-content\/uploads\/2025\/04\/8.jpg 2350w, https:\/\/liaise-project.eu\/wp-content\/uploads\/2025\/04\/8-650x101.jpg 650w, https:\/\/liaise-project.eu\/wp-content\/uploads\/2025\/04\/8-1280x198.jpg 1280w, https:\/\/liaise-project.eu\/wp-content\/uploads\/2025\/04\/8-768x119.jpg 768w, https:\/\/liaise-project.eu\/wp-content\/uploads\/2025\/04\/8-1536x238.jpg 1536w, https:\/\/liaise-project.eu\/wp-content\/uploads\/2025\/04\/8-2048x317.jpg 2048w\" sizes=\"auto, (max-width: 2350px) 100vw, 2350px\" \/><\/figure>\n<\/div>\n\n\n\n<div data-aos= \"fade-up\" data-aos-duration=\"400\" data-aos-delay=\"0\" data-aos-easing=\"ease\" data-aos-once=\"true\" class=\"wp-block-uagb-container home-section-1 uagb-block-9c4a2d25 alignfull uagb-is-root-container\">\n<h2 class=\"wp-block-heading has-text-align-center\">LIAISE PROJECT<\/h2>\n\n\n\n<h3 class=\"wp-block-heading has-text-align-center\">F\u00e8 pwomosyon pou \u00e9dikasyon miltilang an l\u00e9k\u00f2l an Ew\u00f2p<\/h3>\n<\/div>\n\n\n\n<div data-aos= \"fade\" data-aos-duration=\"400\" data-aos-delay=\"0\" data-aos-easing=\"ease\" data-aos-once=\"true\" class=\"wp-block-uagb-container section-img home-section-2 uagb-block-e7b1be42 alignfull uagb-is-root-container\">\n<figure class=\"wp-block-image size-full\"><img loading=\"lazy\" decoding=\"async\" width=\"2338\" height=\"346\" src=\"https:\/\/liaise-project.eu\/wp-content\/uploads\/2025\/04\/10.jpg\" alt=\"10\" class=\"wp-image-24\" srcset=\"https:\/\/liaise-project.eu\/wp-content\/uploads\/2025\/04\/10.jpg 2338w, https:\/\/liaise-project.eu\/wp-content\/uploads\/2025\/04\/10-650x96.jpg 650w, https:\/\/liaise-project.eu\/wp-content\/uploads\/2025\/04\/10-1280x189.jpg 1280w, https:\/\/liaise-project.eu\/wp-content\/uploads\/2025\/04\/10-768x114.jpg 768w, https:\/\/liaise-project.eu\/wp-content\/uploads\/2025\/04\/10-1536x227.jpg 1536w, https:\/\/liaise-project.eu\/wp-content\/uploads\/2025\/04\/10-2048x303.jpg 2048w\" sizes=\"auto, (max-width: 2338px) 100vw, 2338px\" \/><\/figure>\n\n\n\n<div class=\"wp-block-columns over-image-2 is-layout-flex wp-container-core-columns-is-layout-9d6595d7 wp-block-columns-is-layout-flex\">\n<div class=\"wp-block-column over-image-2-left is-layout-flow wp-block-column-is-layout-flow\" style=\"flex-basis:66.66%\">\n<h3>ABOUT THE PROJECT<\/h3>\n<\/div>\n\n\n\n<div class=\"wp-block-column over-image-2-right is-layout-flow wp-block-column-is-layout-flow\" style=\"flex-basis:33.33%\">\n<a href=\"\/mwl\/about\/\" class=\"main-btn\">Find out more<\/a>\n<\/div>\n<\/div>\n<\/div>\n\n\n\n<div data-aos= \"slide-up\" data-aos-duration=\"400\" data-aos-delay=\"0\" data-aos-easing=\"ease\" data-aos-once=\"true\" class=\"wp-block-uagb-container home-section-4 uagb-block-616254a1 alignfull uagb-is-root-container\">\n<p class=\"has-text-align-center\">LIAISE s\u00e9 on pwoj\u00e9 ki ka miz\u00e9 asou \u00e9laborasyon m\u00e9t\u00f4d \u00e9 strat\u00e9ji \u00e9fikas pou soutni ent\u00e9grasyon lang \u00e9 dyal\u00e8k minorit\u00e9 an mitan l\u00e9k\u00f2l tradisyonn\u00e8l<\/p>\n<\/div>\n\n\n\n<div data-aos= \"fade\" data-aos-duration=\"400\" data-aos-delay=\"0\" data-aos-easing=\"ease\" data-aos-once=\"true\" class=\"wp-block-uagb-container home-section-5 uagb-block-2265bd32 alignfull uagb-is-root-container\">\n<div class=\"wp-block-columns is-layout-flex wp-container-core-columns-is-layout-9d6595d7 wp-block-columns-is-layout-flex\">\n<div class=\"wp-block-column is-layout-flow wp-block-column-is-layout-flow\" style=\"flex-basis:15%\"><div class=\"wp-block-image\">\n<figure class=\"alignright size-medium is-resized\"><img loading=\"lazy\" decoding=\"async\" width=\"611\" height=\"650\" src=\"https:\/\/liaise-project.eu\/wp-content\/uploads\/2025\/04\/11-611x650.png\" alt=\"11\" class=\"wp-image-59\" style=\"object-fit:contain;width:113px;height:120px\" srcset=\"https:\/\/liaise-project.eu\/wp-content\/uploads\/2025\/04\/11-611x650.png 611w, https:\/\/liaise-project.eu\/wp-content\/uploads\/2025\/04\/11.png 721w\" sizes=\"auto, (max-width: 611px) 100vw, 611px\" \/><\/figure><\/div><\/div>\n\n\n\n<div class=\"wp-block-column is-layout-flow wp-block-column-is-layout-flow\" style=\"flex-basis:85%\">\n<p>Si ou l\u00e9 r\u00e9sevw\u00e8 bilten-nou ?<\/p>\n\n\n\n<p>Mete adr\u00e8s im\u00e8l-zot isi\u2019a , nou k\u00e9 voy\u00e9\u2019y ba zot ansanm \u00e8k mizajou asou nouv\u00e8l pwoj\u00e9-a<\/p>\n\n\n<script>(function() {\n\twindow.mc4wp = window.mc4wp || {\n\t\tlisteners: [],\n\t\tforms: {\n\t\t\ton: function(evt, cb) {\n\t\t\t\twindow.mc4wp.listeners.push(\n\t\t\t\t\t{\n\t\t\t\t\t\tevent   : evt,\n\t\t\t\t\t\tcallback: cb\n\t\t\t\t\t}\n\t\t\t\t);\n\t\t\t}\n\t\t}\n\t}\n})();\n<\/script><!-- Mailchimp for WordPress v4.10.4 - https:\/\/wordpress.org\/plugins\/mailchimp-for-wp\/ --><form id=\"mc4wp-form-1\" class=\"mc4wp-form mc4wp-form-54\" method=\"post\" data-id=\"54\" data-name=\"Newsletters\" action=\"\" ><div class=\"mc4wp-form-fields\"><p>\r\n\t<label for=\"email\">\r\n\t\t<input type=\"email\" id=\"email\" name=\"EMAIL\" placeholder=\"E-mail here\" required>\r\n\t<\/label><input type=\"submit\" value=\"Voy\u00e9  (f\u00e8\u2019i pati)\">\r\n<\/p><\/div><label style=\"display: none !important;\">Leave this field empty if you&#8217;re human: <input type=\"text\" name=\"_mc4wp_honeypot\" value=\"\" tabindex=\"-1\" autocomplete=\"off\" \/><\/label><input type=\"hidden\" name=\"_mc4wp_timestamp\" value=\"1778067027\" \/><input type=\"hidden\" name=\"_mc4wp_form_id\" value=\"54\" \/><input type=\"hidden\" name=\"_mc4wp_form_element_id\" value=\"mc4wp-form-1\" \/><div class=\"mc4wp-response\"><\/div><input type=\"hidden\" name=\"trp-form-language\" value=\"mwl\"\/><\/form><!-- \/ Mailchimp for WordPress Plugin --><\/div>\n<\/div>\n<\/div>\n\n\n\n<div data-aos= \"slide-up\" data-aos-duration=\"400\" data-aos-delay=\"0\" data-aos-easing=\"ease\" data-aos-once=\"true\" class=\"wp-block-uagb-container home-section-3 uagb-block-f1d3a09b alignfull uagb-is-root-container\">\n<blockquote class=\"wp-block-quote is-layout-flow wp-block-quote-is-layout-flow\">\n<h2 class=\"wp-block-heading has-text-align-center translation-block\">An lang ki dif\u00e9ran s\u00e9 an lot manni\u00e8 woula vi <br>\u2013 Federico Fellini (M\u00e8t af\u00e8 italien)<\/h2>\n<\/blockquote>\n<\/div>\n\n\n\n<div data-aos= \"fade\" data-aos-duration=\"400\" data-aos-delay=\"0\" data-aos-easing=\"ease\" data-aos-once=\"true\" class=\"wp-block-uagb-container home-section-8 uagb-block-f7e2b128 alignfull uagb-is-root-container\">\n<h2 class=\"wp-block-heading has-text-align-center\">Patn\u00e8<\/h2>\n\n\n<div class=\"carousel-slider-outer carousel-slider-outer-image-carousel carousel-slider-outer-44\" style=\"--carousel-slider-nav-color:#f1f1f1;--carousel-slider-active-nav-color:#00d1b2;--carousel-slider-arrow-size:48px;--carousel-slider-bullet-size:10px\">\n<div id=\"&#039;id-44\" class=\"carousel-slider carousel-slider-44 arrows-visibility-always dots-visibility-never arrows-outside dots-center dots-circle owl-carousel\" data-slide-type=\"image-carousel\" data-owl-settings='{\"nav\":true,\"dots\":false,\"slideBy\":1,\"stagePadding\":0,\"margin\":10,\"loop\":true,\"lazyLoad\":false,\"autoplay\":true,\"autoplayTimeout\":5000,\"autoplaySpeed\":500,\"autoplayHoverPause\":true,\"autoWidth\":false,\"responsive\":{\"300\":{\"items\":1},\"576\":{\"items\":2},\"768\":{\"items\":2},\"1024\":{\"items\":3},\"1280\":{\"items\":3},\"1536\":{\"items\":3}}}'>\n<div class=\"carousel-slider__item\">\n\t<img loading=\"lazy\" decoding=\"async\" width=\"400\" height=\"300\" src=\"https:\/\/liaise-project.eu\/wp-content\/uploads\/2025\/04\/snt-george.jpg\" class=\"attachment-medium_large size-medium_large\" alt=\"snt george\" \/><\/a><\/div>\n\n<div class=\"carousel-slider__item\">\n\t<img loading=\"lazy\" decoding=\"async\" width=\"400\" height=\"300\" src=\"https:\/\/liaise-project.eu\/wp-content\/uploads\/2025\/04\/idaes.jpg\" class=\"attachment-medium_large size-medium_large\" alt=\"idaes\" \/><\/a><\/div>\n\n<div class=\"carousel-slider__item\">\n\t<img loading=\"lazy\" decoding=\"async\" width=\"400\" height=\"300\" src=\"https:\/\/liaise-project.eu\/wp-content\/uploads\/2025\/04\/mkosmos.jpg\" class=\"attachment-medium_large size-medium_large\" alt=\"mkosmos\" \/><\/a><\/div>\n\n<div class=\"carousel-slider__item\">\n\t<img loading=\"lazy\" decoding=\"async\" width=\"400\" height=\"300\" src=\"https:\/\/liaise-project.eu\/wp-content\/uploads\/2025\/04\/barreiro.jpg\" class=\"attachment-medium_large size-medium_large\" alt=\"barreiro\" \/><\/a><\/div>\n\n<div class=\"carousel-slider__item\">\n\t<img loading=\"lazy\" decoding=\"async\" width=\"400\" height=\"300\" src=\"https:\/\/liaise-project.eu\/wp-content\/uploads\/2025\/04\/ciara.jpg\" class=\"attachment-medium_large size-medium_large\" alt=\"ciara\" \/><\/a><\/div>\n\n<div class=\"carousel-slider__item\">\n\t<img loading=\"lazy\" decoding=\"async\" width=\"400\" height=\"300\" src=\"https:\/\/liaise-project.eu\/wp-content\/uploads\/2025\/04\/rbrussels.jpg\" class=\"attachment-medium_large size-medium_large\" alt=\"rbrussels\" \/><\/a><\/div>\n\n<\/div><!-- .carousel-slider-44 -->\n<\/div><!-- .carousel-slider-outer-44 -->\n\n<\/div>","protected":false},"excerpt":{"rendered":"<p>LIAISE PROJECT Fostering multilingual education in schools<\/p>","protected":false},"author":1,"featured_media":0,"parent":0,"menu_order":0,"comment_status":"closed","ping_status":"closed","template":"page-fluid.php","meta":{"_acf_changed":false,"_uag_custom_page_level_css":"","footnotes":""},"class_list":["post-2","page","type-page","status-publish","hentry"],"acf":[],"yoast_head":"<!-- This site is optimized with the Yoast SEO plugin v25.3.1 - https:\/\/yoast.com\/wordpress\/plugins\/seo\/ -->\n<title>Home - Liaise<\/title>\n<meta name=\"robots\" content=\"index, follow, max-snippet:-1, max-image-preview:large, max-video-preview:-1\" \/>\n<link rel=\"canonical\" href=\"https:\/\/liaise-project.eu\/mwl\/\" \/>\n<meta property=\"og:locale\" content=\"en_US\" \/>\n<meta property=\"og:type\" content=\"article\" \/>\n<meta property=\"og:title\" content=\"Home - Liaise\" \/>\n<meta property=\"og:description\" content=\"LIAISE PROJECT Fostering multilingual education in schools\" \/>\n<meta property=\"og:url\" content=\"https:\/\/liaise-project.eu\/mwl\/\" \/>\n<meta property=\"og:site_name\" content=\"Liaise\" \/>\n<meta property=\"article:modified_time\" content=\"2025-05-09T10:34:50+00:00\" \/>\n<meta property=\"og:image\" content=\"https:\/\/liaise-project.eu\/wp-content\/uploads\/2025\/04\/8.jpg\" \/>\n\t<meta property=\"og:image:width\" content=\"2350\" \/>\n\t<meta property=\"og:image:height\" content=\"364\" \/>\n\t<meta property=\"og:image:type\" content=\"image\/jpeg\" \/>\n<meta name=\"twitter:card\" content=\"summary_large_image\" \/>\n<meta name=\"twitter:label1\" content=\"Est. reading time\" \/>\n\t<meta name=\"twitter:data1\" content=\"1 minute\" \/>\n<script type=\"application\/ld+json\" class=\"yoast-schema-graph\">{\"@context\":\"https:\/\/schema.org\",\"@graph\":[{\"@type\":\"WebPage\",\"@id\":\"https:\/\/liaise-project.eu\/\",\"url\":\"https:\/\/liaise-project.eu\/\",\"name\":\"Home - Liaise\",\"isPartOf\":{\"@id\":\"https:\/\/liaise-project.eu\/#website\"},\"primaryImageOfPage\":{\"@id\":\"https:\/\/liaise-project.eu\/#primaryimage\"},\"image\":{\"@id\":\"https:\/\/liaise-project.eu\/#primaryimage\"},\"thumbnailUrl\":\"https:\/\/liaise-project.eu\/wp-content\/uploads\/2025\/04\/8.jpg\",\"datePublished\":\"2025-04-12T21:10:47+00:00\",\"dateModified\":\"2025-05-09T10:34:50+00:00\",\"breadcrumb\":{\"@id\":\"https:\/\/liaise-project.eu\/#breadcrumb\"},\"inLanguage\":\"mwl\",\"potentialAction\":[{\"@type\":\"ReadAction\",\"target\":[\"https:\/\/liaise-project.eu\/\"]}]},{\"@type\":\"ImageObject\",\"inLanguage\":\"mwl\",\"@id\":\"https:\/\/liaise-project.eu\/#primaryimage\",\"url\":\"https:\/\/liaise-project.eu\/wp-content\/uploads\/2025\/04\/8.jpg\",\"contentUrl\":\"https:\/\/liaise-project.eu\/wp-content\/uploads\/2025\/04\/8.jpg\"},{\"@type\":\"BreadcrumbList\",\"@id\":\"https:\/\/liaise-project.eu\/#breadcrumb\",\"itemListElement\":[{\"@type\":\"ListItem\",\"position\":1,\"name\":\"Home\",\"item\":\"https:\/\/liaise-project.eu\/\"},{\"@type\":\"ListItem\",\"position\":2,\"name\":\"Home\"}]},{\"@type\":\"WebSite\",\"@id\":\"https:\/\/liaise-project.eu\/#website\",\"url\":\"https:\/\/liaise-project.eu\/\",\"name\":\"Liaise\",\"description\":\"\",\"potentialAction\":[{\"@type\":\"SearchAction\",\"target\":{\"@type\":\"EntryPoint\",\"urlTemplate\":\"https:\/\/liaise-project.eu\/?s={search_term_string}\"},\"query-input\":{\"@type\":\"PropertyValueSpecification\",\"valueRequired\":true,\"valueName\":\"search_term_string\"}}],\"inLanguage\":\"mwl\"}]}<\/script>\n<!-- \/ Yoast SEO plugin. -->","yoast_head_json":{"title":"Home - Liaise","robots":{"index":"index","follow":"follow","max-snippet":"max-snippet:-1","max-image-preview":"max-image-preview:large","max-video-preview":"max-video-preview:-1"},"canonical":"https:\/\/liaise-project.eu\/mwl\/","og_locale":"en_US","og_type":"article","og_title":"Home - Liaise","og_description":"LIAISE PROJECT Fostering multilingual education in schools","og_url":"https:\/\/liaise-project.eu\/mwl\/","og_site_name":"Liaise","article_modified_time":"2025-05-09T10:34:50+00:00","og_image":[{"width":2350,"height":364,"url":"https:\/\/liaise-project.eu\/wp-content\/uploads\/2025\/04\/8.jpg","type":"image\/jpeg"}],"twitter_card":"summary_large_image","twitter_misc":{"Est. reading time":"1 minute"},"schema":{"@context":"https:\/\/schema.org","@graph":[{"@type":"WebPage","@id":"https:\/\/liaise-project.eu\/","url":"https:\/\/liaise-project.eu\/","name":"Home - Liaise","isPartOf":{"@id":"https:\/\/liaise-project.eu\/#website"},"primaryImageOfPage":{"@id":"https:\/\/liaise-project.eu\/#primaryimage"},"image":{"@id":"https:\/\/liaise-project.eu\/#primaryimage"},"thumbnailUrl":"https:\/\/liaise-project.eu\/wp-content\/uploads\/2025\/04\/8.jpg","datePublished":"2025-04-12T21:10:47+00:00","dateModified":"2025-05-09T10:34:50+00:00","breadcrumb":{"@id":"https:\/\/liaise-project.eu\/#breadcrumb"},"inLanguage":"mwl","potentialAction":[{"@type":"ReadAction","target":["https:\/\/liaise-project.eu\/"]}]},{"@type":"ImageObject","inLanguage":"mwl","@id":"https:\/\/liaise-project.eu\/#primaryimage","url":"https:\/\/liaise-project.eu\/wp-content\/uploads\/2025\/04\/8.jpg","contentUrl":"https:\/\/liaise-project.eu\/wp-content\/uploads\/2025\/04\/8.jpg"},{"@type":"BreadcrumbList","@id":"https:\/\/liaise-project.eu\/#breadcrumb","itemListElement":[{"@type":"ListItem","position":1,"name":"Home","item":"https:\/\/liaise-project.eu\/"},{"@type":"ListItem","position":2,"name":"Home"}]},{"@type":"WebSite","@id":"https:\/\/liaise-project.eu\/#website","url":"https:\/\/liaise-project.eu\/","name":"Liaise","description":"","potentialAction":[{"@type":"SearchAction","target":{"@type":"EntryPoint","urlTemplate":"https:\/\/liaise-project.eu\/?s={search_term_string}"},"query-input":{"@type":"PropertyValueSpecification","valueRequired":true,"valueName":"search_term_string"}}],"inLanguage":"mwl"}]}},"uagb_featured_image_src":{"full":false,"thumbnail":false,"medium":false,"medium_large":false,"large":false,"1536x1536":false,"2048x2048":false,"trp-custom-language-flag":false},"uagb_author_info":{"display_name":"admin","author_link":"https:\/\/liaise-project.eu\/mwl\/author\/liaisewpadmn\/"},"uagb_comment_info":0,"uagb_excerpt":"LIAISE PROJECT Fostering multilingual education in schools","_links":{"self":[{"href":"https:\/\/liaise-project.eu\/mwl\/wp-json\/wp\/v2\/pages\/2","targetHints":{"allow":["GET"]}}],"collection":[{"href":"https:\/\/liaise-project.eu\/mwl\/wp-json\/wp\/v2\/pages"}],"about":[{"href":"https:\/\/liaise-project.eu\/mwl\/wp-json\/wp\/v2\/types\/page"}],"author":[{"embeddable":true,"href":"https:\/\/liaise-project.eu\/mwl\/wp-json\/wp\/v2\/users\/1"}],"replies":[{"embeddable":true,"href":"https:\/\/liaise-project.eu\/mwl\/wp-json\/wp\/v2\/comments?post=2"}],"version-history":[{"count":10,"href":"https:\/\/liaise-project.eu\/mwl\/wp-json\/wp\/v2\/pages\/2\/revisions"}],"predecessor-version":[{"id":227,"href":"https:\/\/liaise-project.eu\/mwl\/wp-json\/wp\/v2\/pages\/2\/revisions\/227"}],"wp:attachment":[{"href":"https:\/\/liaise-project.eu\/mwl\/wp-json\/wp\/v2\/media?parent=2"}],"curies":[{"name":"wp","href":"https:\/\/api.w.org\/{rel}","templated":true}]}}