{"id":73,"date":"2025-04-25T14:37:28","date_gmt":"2025-04-25T14:37:28","guid":{"rendered":"https:\/\/liaise-project.eu\/?page_id=73"},"modified":"2025-04-29T09:26:10","modified_gmt":"2025-04-29T09:26:10","slug":"about","status":"publish","type":"page","link":"https:\/\/liaise-project.eu\/mwl\/about\/","title":{"rendered":"Enf\u00f2masyon"},"content":{"rendered":"<div data-aos= \"fade-up\" data-aos-duration=\"400\" data-aos-delay=\"0\" data-aos-easing=\"ease\" data-aos-once=\"true\" class=\"wp-block-uagb-container about-section-1 uagb-block-ec3ed751 alignfull uagb-is-root-container\">\n<h2 class=\"wp-block-heading\">ABOUT THE PROJECT<\/h2>\n\n\n\n<div class=\"wp-block-uagb-container main-page-inside-blue uagb-block-6da24eda alignfull uagb-is-root-container\">\n<div class=\"wp-block-columns is-layout-flex wp-container-core-columns-is-layout-9d6595d7 wp-block-columns-is-layout-flex\">\n<div class=\"wp-block-column is-layout-flow wp-block-column-is-layout-flow\" style=\"flex-basis:66.66%\">\n<p>LIAISE s\u00e9 on pwoj\u00e9 Erasmus + ki ka chimen asi prinsip ek n\u00e9s\u00e9sit\u00e9 imp\u00e9watif pou p\u00e9y\u00e9 gad\u00e9 div\u00e8st\u00e9 langaj \u00e9pi sov\u00e9 lang ki pa pal\u00e9 anpil, kon sa ka mand\u00e9 l\u2019organizasyon \u00e9wop\u00e9yen \u00e9pi ent\u00e8nasional.<\/p>\n\n\n\n<p>M\u00e8tdoubout pwoj\u00e9-a k\u00e9 f\u00e8t \u00e9pi m\u00e9zi pou f\u00e8 lang ek dyal\u00e8k r\u00e9jional \u00e9pi min\u00f2rit\u00e8 pal\u00e9 plis, pwotj\u00e9 yo \u00e9pi f\u00e8 yo viv ank\u00f2. Tout dokiman pwoj\u00e9-a, kon zouti pou l\u00e9kol, prodiksyon kilti \u00e9pi platf\u00f2m an lin, k\u00e9 ni an v\u00e8syon an sa l\u00e9ti lang min\u00e8 tala, pou f\u00e8 yo w\u00e8 yo plis adan lavi piblik.<\/p>\n\n\n\n<p>Sa k\u00e9 p\u00e8met nou ba lavi ansanm plis enkliziv, kot\u00e9 div\u00e8st\u00e9 langaj \u00e9pi kilti ka jwenn soutyen \u00e9pi s\u00e9brasyon.<\/p>\n<\/div>\n\n\n\n<div class=\"wp-block-column is-layout-flow wp-block-column-is-layout-flow\" style=\"flex-basis:33.33%\">\n<figure class=\"wp-block-image size-full\"><img loading=\"lazy\" decoding=\"async\" width=\"1111\" height=\"742\" src=\"https:\/\/liaise-project.eu\/wp-content\/uploads\/2025\/04\/2222.jpg\" alt=\"2222\" class=\"wp-image-80\" srcset=\"https:\/\/liaise-project.eu\/wp-content\/uploads\/2025\/04\/2222.jpg 1111w, https:\/\/liaise-project.eu\/wp-content\/uploads\/2025\/04\/2222-650x434.jpg 650w, https:\/\/liaise-project.eu\/wp-content\/uploads\/2025\/04\/2222-768x513.jpg 768w\" sizes=\"auto, (max-width: 1111px) 100vw, 1111px\" \/><\/figure>\n<\/div>\n<\/div>\n<\/div>\n<\/div>\n\n\n\n<div data-aos= \"slide-up\" data-aos-duration=\"400\" data-aos-delay=\"0\" data-aos-easing=\"ease\" data-aos-once=\"true\" class=\"wp-block-uagb-container about-section-2 uagb-block-b3ffc2d3 alignfull uagb-is-root-container\">\n<h2 class=\"wp-block-heading\">Obdj\u00e8ktif Pwoj\u00e9-a<\/h2>\n\n\n\n<div class=\"wp-block-uagb-container main-page-inside-green uagb-block-dbc0b82f alignfull uagb-is-root-container\">\n<p class=\"pointing\">S\u00e9 obdj\u00e8ktif pwoj\u00e9-a ka al\u00e9 ansamn \u00e9pi gran obdj\u00e8ktif pou p\u00e9y\u00e9 gad\u00e9 kilti \u00e9pi langaj, f\u00e8 kominot\u00e9 viv pli ansanm, \u00e9pi f\u00e8 moun konprann yonn lot pli byen.<\/p>\n\n\n\n<p>Obdj\u00e8ktif espesifik LIAISE s\u00e9:<\/p>\n\n\n\n<p><strong>1.<\/strong>&nbsp;F\u00e8 div\u00e8st\u00e9 langaj pal\u00e9 plis \u00e9pi f\u00e8 tout moun santi yo andidan, ni l\u00e9kol ni an sosiy\u00e9t\u00e9.<\/p>\n\n\n\n<p><strong>2.<\/strong> F\u00e8 vans\u00e9 ledikasyon miltiling, \u00e9pi m\u00e9t\u00e9 plis lodjou asi lang ek dyal\u00e8k min\u00f2rit\u00e8 ki ka disparet.<\/p>\n\n\n\n<p><strong>3.<\/strong>&nbsp;D\u00e9velop\u00e9 zouti miltiling ki fasil pou l\u00e9 prof\u00e9s\u00e8 \u00e9pi moun ki ka ans\u00e9ni\u00e9.<\/p>\n\n\n\n<p><strong>4.<\/strong> Soutjenn patisipasyon sitwayen \u00e9pi angajman aktif moue ki an difikilt\u00e9 asou plan langaj \u00e9pi kilti.<\/p>\n\n\n\n<p><strong>5.<\/strong>&nbsp;F\u00e8 moun pran konsyans pwobl\u00e8m lang min\u00f2rit\u00e8 \u00e9pi f\u00e8 yo plis vizib adan lavi sosyal \u00e9pi ledikatif toulejou.<\/p>\n\n\n\n<p><strong>6.<\/strong>&nbsp;Asir\u00e9 ki tout \u00e9l\u00e8v p\u00e9 ni menm chimen pou jwenn ledikasyon, san gad\u00e9 kot\u00e9 yo s\u00f2ti ni kilti\/ langaj yo.<\/p>\n\n\n\n<p><strong>7.<\/strong> Ba kominot\u00e9 fos pou s\u00e9br\u00e9 \u00e9pi f\u00e8 pwomosyon pou div\u00e8st\u00e9 langaj.<\/p>\n<\/div>\n<\/div>\n\n\n\n<div data-aos= \"fade-up\" data-aos-duration=\"400\" data-aos-delay=\"0\" data-aos-easing=\"ease\" data-aos-once=\"true\" class=\"wp-block-uagb-container about-section-3 uagb-block-67daff29 alignfull uagb-is-root-container\">\n<h2 class=\"wp-block-heading\">Goup Sib<\/h2>\n\n\n\n<div class=\"wp-block-uagb-container main-page-inside-orange uagb-block-17ee085b alignfull uagb-is-root-container\">\n<p class=\"pointing\">Piblik ki viz\u00e9 an pwoj\u00e9-a ka kouv\u00e8 plizi\u00e8 goup \u00e9 akt\u00e8 dif\u00e9ran, ki p\u00e9 pot\u00e9 chanjman \u00e9pi an b\u00e8l enpak pou on ledikasyon miltiling ki pli inkliziv \u00e9pi ouv\u00e8 pou tout moun.<\/p>\n\n\n\n<h3 class=\"wp-block-heading\">Goup dir\u00e8k :<\/h3>\n\n\n\n<p>M\u00e8t l\u00e9kol \u00e9pi moun ki ka travay an l\u00e9kol<br><br>\u00c9tudian ki s\u00f2ti an minorit\u00e9 langaj<br><br>Paran \u00e9l\u00e8v ki ka pal\u00e9 lang min\u00f2rit\u00e8<\/p>\n\n\n\n<h3 class=\"wp-block-heading\">Goup endir\u00e8k :<\/h3>\n\n\n\n<p>Direkt\u00e8 l\u00e9kol, administrat\u00e8 \u00e9pi moun ki ka pran d\u00e9sizyon<br><br>Goup langaj \u00e9pi esp\u00e8 kominot\u00e9 lokal<\/p>\n<\/div>\n<\/div>\n\n\n\n<div data-aos= \"slide-up\" data-aos-duration=\"400\" data-aos-delay=\"0\" data-aos-easing=\"ease\" data-aos-once=\"true\" class=\"wp-block-uagb-container about-section-4 uagb-block-22ff7d56 alignfull uagb-is-root-container\">\n<h2 class=\"wp-block-heading\">Lang pwoj\u00e9-a<\/h2>\n\n\n\n<div class=\"wp-block-uagb-container main-page-inside-yellow uagb-block-25bf9e2f alignfull uagb-is-root-container\">\n<p class=\"pointing\">Pou asir\u00e9 tout moun p\u00e9 konprann dokiman pwoj\u00e9-a, yo k\u00e9 disponib an lang kmyo pal\u00e9 an pil \u00e9pi dyal\u00e8k min\u00f2rit\u00e8 ki adan lis tala :<\/p>\n\n\n\n<ul class=\"wp-block-list\">\n<li><em>Angl\u00e9<\/em><\/li>\n\n\n\n<li><em>Potigi\u00e8<\/em><\/li>\n\n\n\n<li><em>Mirand\u00e8<\/em><\/li>\n\n\n\n<li><em>Gr\u00e8k<\/em><\/li>\n\n\n\n<li><em>Gr\u00e8k Chypriot<\/em><\/li>\n\n\n\n<li><em>Fwans\u00e9<\/em><\/li>\n\n\n\n<li><em>Kr\u00e9yol Matinik<\/em><\/li>\n\n\n\n<li><em>N\u00e9d\u00e8land\u00e9 (Flamand)<\/em><\/li>\n\n\n\n<li><em>Flamand oksidantal<\/em><\/li>\n\n\n\n<li><em>Italian<\/em><\/li>\n\n\n\n<li><em>Sisyliyen<\/em><\/li>\n<\/ul>\n<\/div>\n<\/div>\n\n\n\n<div data-aos= \"slide-up\" data-aos-duration=\"400\" data-aos-delay=\"0\" data-aos-easing=\"ease\" data-aos-once=\"true\" class=\"wp-block-uagb-container home-section-3 uagb-block-f1d3a09b alignfull uagb-is-root-container\">\n<blockquote class=\"wp-block-quote is-layout-flow wp-block-quote-is-layout-flow\">\n<h2 class=\"wp-block-heading has-text-align-center translation-block\">\u201cS\u00e9 \u00e9pi langaj nou ka konnet mond-lan. S\u00e9 \u00e9pi langaj nou ka f\u00e8 moun sav ki moun nou y\u00e9.\u201d - Nelson<\/h2>\n<\/blockquote>\n<\/div>","protected":false},"excerpt":{"rendered":"<p>ABOUT THE PROJECT LIAISE is an Erasmus+<\/p>","protected":false},"author":1,"featured_media":0,"parent":0,"menu_order":0,"comment_status":"closed","ping_status":"closed","template":"page-fluid.php","meta":{"_acf_changed":false,"_uag_custom_page_level_css":"","footnotes":""},"class_list":["post-73","page","type-page","status-publish","hentry"],"acf":[],"yoast_head":"<!-- This site is optimized with the Yoast SEO plugin v25.3.1 - https:\/\/yoast.com\/wordpress\/plugins\/seo\/ -->\n<title>About - Liaise<\/title>\n<meta name=\"robots\" content=\"index, follow, max-snippet:-1, max-image-preview:large, max-video-preview:-1\" \/>\n<link rel=\"canonical\" href=\"https:\/\/liaise-project.eu\/mwl\/about\/\" \/>\n<meta property=\"og:locale\" content=\"en_US\" \/>\n<meta property=\"og:type\" content=\"article\" \/>\n<meta property=\"og:title\" content=\"About - Liaise\" \/>\n<meta property=\"og:description\" content=\"ABOUT THE PROJECT LIAISE is an Erasmus+\" \/>\n<meta property=\"og:url\" content=\"https:\/\/liaise-project.eu\/mwl\/about\/\" \/>\n<meta property=\"og:site_name\" content=\"Liaise\" \/>\n<meta property=\"article:modified_time\" content=\"2025-04-29T09:26:10+00:00\" \/>\n<meta property=\"og:image\" content=\"https:\/\/liaise-project.eu\/wp-content\/uploads\/2025\/04\/2222.jpg\" \/>\n\t<meta property=\"og:image:width\" content=\"1111\" \/>\n\t<meta property=\"og:image:height\" content=\"742\" \/>\n\t<meta property=\"og:image:type\" content=\"image\/jpeg\" \/>\n<meta name=\"twitter:card\" content=\"summary_large_image\" \/>\n<meta name=\"twitter:label1\" content=\"Est. reading time\" \/>\n\t<meta name=\"twitter:data1\" content=\"2 minutes\" \/>\n<script type=\"application\/ld+json\" class=\"yoast-schema-graph\">{\"@context\":\"https:\/\/schema.org\",\"@graph\":[{\"@type\":\"WebPage\",\"@id\":\"https:\/\/liaise-project.eu\/about\/\",\"url\":\"https:\/\/liaise-project.eu\/about\/\",\"name\":\"About - Liaise\",\"isPartOf\":{\"@id\":\"https:\/\/liaise-project.eu\/#website\"},\"primaryImageOfPage\":{\"@id\":\"https:\/\/liaise-project.eu\/about\/#primaryimage\"},\"image\":{\"@id\":\"https:\/\/liaise-project.eu\/about\/#primaryimage\"},\"thumbnailUrl\":\"https:\/\/liaise-project.eu\/wp-content\/uploads\/2025\/04\/2222.jpg\",\"datePublished\":\"2025-04-25T14:37:28+00:00\",\"dateModified\":\"2025-04-29T09:26:10+00:00\",\"breadcrumb\":{\"@id\":\"https:\/\/liaise-project.eu\/about\/#breadcrumb\"},\"inLanguage\":\"mwl\",\"potentialAction\":[{\"@type\":\"ReadAction\",\"target\":[\"https:\/\/liaise-project.eu\/about\/\"]}]},{\"@type\":\"ImageObject\",\"inLanguage\":\"mwl\",\"@id\":\"https:\/\/liaise-project.eu\/about\/#primaryimage\",\"url\":\"https:\/\/liaise-project.eu\/wp-content\/uploads\/2025\/04\/2222.jpg\",\"contentUrl\":\"https:\/\/liaise-project.eu\/wp-content\/uploads\/2025\/04\/2222.jpg\"},{\"@type\":\"BreadcrumbList\",\"@id\":\"https:\/\/liaise-project.eu\/about\/#breadcrumb\",\"itemListElement\":[{\"@type\":\"ListItem\",\"position\":1,\"name\":\"Home\",\"item\":\"https:\/\/liaise-project.eu\/\"},{\"@type\":\"ListItem\",\"position\":2,\"name\":\"About\"}]},{\"@type\":\"WebSite\",\"@id\":\"https:\/\/liaise-project.eu\/#website\",\"url\":\"https:\/\/liaise-project.eu\/\",\"name\":\"Liaise\",\"description\":\"\",\"potentialAction\":[{\"@type\":\"SearchAction\",\"target\":{\"@type\":\"EntryPoint\",\"urlTemplate\":\"https:\/\/liaise-project.eu\/?s={search_term_string}\"},\"query-input\":{\"@type\":\"PropertyValueSpecification\",\"valueRequired\":true,\"valueName\":\"search_term_string\"}}],\"inLanguage\":\"mwl\"}]}<\/script>\n<!-- \/ Yoast SEO plugin. -->","yoast_head_json":{"title":"About - Liaise","robots":{"index":"index","follow":"follow","max-snippet":"max-snippet:-1","max-image-preview":"max-image-preview:large","max-video-preview":"max-video-preview:-1"},"canonical":"https:\/\/liaise-project.eu\/mwl\/about\/","og_locale":"en_US","og_type":"article","og_title":"About - Liaise","og_description":"ABOUT THE PROJECT LIAISE is an Erasmus+","og_url":"https:\/\/liaise-project.eu\/mwl\/about\/","og_site_name":"Liaise","article_modified_time":"2025-04-29T09:26:10+00:00","og_image":[{"width":1111,"height":742,"url":"https:\/\/liaise-project.eu\/wp-content\/uploads\/2025\/04\/2222.jpg","type":"image\/jpeg"}],"twitter_card":"summary_large_image","twitter_misc":{"Est. reading time":"2 minutes"},"schema":{"@context":"https:\/\/schema.org","@graph":[{"@type":"WebPage","@id":"https:\/\/liaise-project.eu\/about\/","url":"https:\/\/liaise-project.eu\/about\/","name":"About - Liaise","isPartOf":{"@id":"https:\/\/liaise-project.eu\/#website"},"primaryImageOfPage":{"@id":"https:\/\/liaise-project.eu\/about\/#primaryimage"},"image":{"@id":"https:\/\/liaise-project.eu\/about\/#primaryimage"},"thumbnailUrl":"https:\/\/liaise-project.eu\/wp-content\/uploads\/2025\/04\/2222.jpg","datePublished":"2025-04-25T14:37:28+00:00","dateModified":"2025-04-29T09:26:10+00:00","breadcrumb":{"@id":"https:\/\/liaise-project.eu\/about\/#breadcrumb"},"inLanguage":"mwl","potentialAction":[{"@type":"ReadAction","target":["https:\/\/liaise-project.eu\/about\/"]}]},{"@type":"ImageObject","inLanguage":"mwl","@id":"https:\/\/liaise-project.eu\/about\/#primaryimage","url":"https:\/\/liaise-project.eu\/wp-content\/uploads\/2025\/04\/2222.jpg","contentUrl":"https:\/\/liaise-project.eu\/wp-content\/uploads\/2025\/04\/2222.jpg"},{"@type":"BreadcrumbList","@id":"https:\/\/liaise-project.eu\/about\/#breadcrumb","itemListElement":[{"@type":"ListItem","position":1,"name":"Home","item":"https:\/\/liaise-project.eu\/"},{"@type":"ListItem","position":2,"name":"About"}]},{"@type":"WebSite","@id":"https:\/\/liaise-project.eu\/#website","url":"https:\/\/liaise-project.eu\/","name":"Liaise","description":"","potentialAction":[{"@type":"SearchAction","target":{"@type":"EntryPoint","urlTemplate":"https:\/\/liaise-project.eu\/?s={search_term_string}"},"query-input":{"@type":"PropertyValueSpecification","valueRequired":true,"valueName":"search_term_string"}}],"inLanguage":"mwl"}]}},"uagb_featured_image_src":{"full":false,"thumbnail":false,"medium":false,"medium_large":false,"large":false,"1536x1536":false,"2048x2048":false,"trp-custom-language-flag":false},"uagb_author_info":{"display_name":"admin","author_link":"https:\/\/liaise-project.eu\/mwl\/author\/liaisewpadmn\/"},"uagb_comment_info":0,"uagb_excerpt":"ABOUT THE PROJECT LIAISE is an Erasmus+","_links":{"self":[{"href":"https:\/\/liaise-project.eu\/mwl\/wp-json\/wp\/v2\/pages\/73","targetHints":{"allow":["GET"]}}],"collection":[{"href":"https:\/\/liaise-project.eu\/mwl\/wp-json\/wp\/v2\/pages"}],"about":[{"href":"https:\/\/liaise-project.eu\/mwl\/wp-json\/wp\/v2\/types\/page"}],"author":[{"embeddable":true,"href":"https:\/\/liaise-project.eu\/mwl\/wp-json\/wp\/v2\/users\/1"}],"replies":[{"embeddable":true,"href":"https:\/\/liaise-project.eu\/mwl\/wp-json\/wp\/v2\/comments?post=73"}],"version-history":[{"count":10,"href":"https:\/\/liaise-project.eu\/mwl\/wp-json\/wp\/v2\/pages\/73\/revisions"}],"predecessor-version":[{"id":205,"href":"https:\/\/liaise-project.eu\/mwl\/wp-json\/wp\/v2\/pages\/73\/revisions\/205"}],"wp:attachment":[{"href":"https:\/\/liaise-project.eu\/mwl\/wp-json\/wp\/v2\/media?parent=73"}],"curies":[{"name":"wp","href":"https:\/\/api.w.org\/{rel}","templated":true}]}}