{"id":103,"date":"2025-04-28T08:08:03","date_gmt":"2025-04-28T08:08:03","guid":{"rendered":"https:\/\/liaise-project.eu\/?page_id=103"},"modified":"2025-04-29T09:27:38","modified_gmt":"2025-04-29T09:27:38","slug":"partners","status":"publish","type":"page","link":"https:\/\/liaise-project.eu\/pt\/partners\/","title":{"rendered":"Parceiros"},"content":{"rendered":"<div class=\"wp-block-uagb-container section-img uagb-block-4e28198a alignfull uagb-is-root-container\">\n<figure class=\"wp-block-image size-full\"><img loading=\"lazy\" decoding=\"async\" width=\"2206\" height=\"305\" src=\"https:\/\/liaise-project.eu\/wp-content\/uploads\/2025\/04\/partners.jpg\" alt=\"partners\" class=\"wp-image-104\" srcset=\"https:\/\/liaise-project.eu\/wp-content\/uploads\/2025\/04\/partners.jpg 2206w, https:\/\/liaise-project.eu\/wp-content\/uploads\/2025\/04\/partners-650x90.jpg 650w, https:\/\/liaise-project.eu\/wp-content\/uploads\/2025\/04\/partners-1280x177.jpg 1280w, https:\/\/liaise-project.eu\/wp-content\/uploads\/2025\/04\/partners-768x106.jpg 768w, https:\/\/liaise-project.eu\/wp-content\/uploads\/2025\/04\/partners-1536x212.jpg 1536w, https:\/\/liaise-project.eu\/wp-content\/uploads\/2025\/04\/partners-2048x283.jpg 2048w\" sizes=\"auto, (max-width: 2206px) 100vw, 2206px\" \/><\/figure>\n<\/div>\n\n\n\n<div class=\"wp-block-uagb-container main-page-partners uagb-block-da431a8e alignfull uagb-is-root-container\">\n<h2 class=\"wp-block-heading\">Parceiros<\/h2>\n\n\n\n<div data-aos= \"fade-up\" data-aos-duration=\"400\" data-aos-delay=\"0\" data-aos-easing=\"ease\" data-aos-once=\"true\" class=\"wp-block-uagb-container main-inside-white uagb-block-eea21150 alignfull uagb-is-root-container\">\n<div class=\"wp-block-columns partners-block is-layout-flex wp-container-core-columns-is-layout-9d6595d7 wp-block-columns-is-layout-flex\">\n<div class=\"wp-block-column is-layout-flow wp-block-column-is-layout-flow\" style=\"flex-basis:33.33%\"><div class=\"wp-block-image is-style-default\">\n<figure class=\"aligncenter size-full\"><img loading=\"lazy\" decoding=\"async\" width=\"400\" height=\"300\" src=\"https:\/\/liaise-project.eu\/wp-content\/uploads\/2025\/04\/barreiro.jpg\" alt=\"barreiro\" class=\"wp-image-35\"\/><\/figure><\/div><\/div>\n\n\n\n<div class=\"wp-block-column is-layout-flow wp-block-column-is-layout-flow\" style=\"flex-basis:66.66%\">\n<p><strong>O Agrupamento de Escolas do Barreiro<\/strong> \u00e9 uma escola p\u00fablica no Barreiro,  Portugal.Integra estabelecimentos de ensino de v\u00e1rios n\u00edveis, incluindo a educa\u00e7\u00e3o pr\u00e9-escolar, o ensino b\u00e1sico, a educa\u00e7\u00e3o de adultos e um centro de forma\u00e7\u00e3o para o desenvolvimento profissional de professores. A sua a\u00e7\u00e3o centra-se na oferta de uma educa\u00e7\u00e3o de qualidade aos seus alunos, de acordo com os princ\u00edpios do multilinguismo, da multiculturalidade e de m\u00e9todos de ensino e aprendizagem inclusivos e acess\u00edveis.<br>Para saber mais:<\/p>\n<\/div>\n<\/div>\n\n\n\n<div class=\"wp-block-columns partners-block is-layout-flex wp-container-core-columns-is-layout-9d6595d7 wp-block-columns-is-layout-flex\">\n<div class=\"wp-block-column is-layout-flow wp-block-column-is-layout-flow\" style=\"flex-basis:33.33%\"><div class=\"wp-block-image is-style-default\">\n<figure class=\"aligncenter size-full\"><img loading=\"lazy\" decoding=\"async\" width=\"400\" height=\"300\" src=\"https:\/\/liaise-project.eu\/wp-content\/uploads\/2025\/04\/idaes.jpg\" alt=\"idaes\" class=\"wp-image-38\"\/><\/figure><\/div><\/div>\n\n\n\n<div class=\"wp-block-column is-layout-flow wp-block-column-is-layout-flow\" style=\"flex-basis:66.66%\">\n<p><strong>O Agrupamento de Escolas de Id\u00e3es<\/strong>&nbsp;\u00e9 uma escola p\u00fablica em Felgueiras, Portugal. As iniciativas da escola est\u00e3o alinhadas com o seu objetivo de promover a inclus\u00e3o e a acessibilidade de alunos provenientes de v\u00e1rios contextos educativos, sociais, culturais e lingu\u00edsticos. Al\u00e9m disso, promove e apoia o sucesso acad\u00e9mico, profissional e social dos seus alunos, fomentando ao mesmo tempo a sua cidadania ativa e o seu envolvimento c\u00edvico.<br>Para saber mais:<\/p>\n<\/div>\n<\/div>\n\n\n\n<div class=\"wp-block-columns partners-block is-layout-flex wp-container-core-columns-is-layout-9d6595d7 wp-block-columns-is-layout-flex\">\n<div class=\"wp-block-column is-layout-flow wp-block-column-is-layout-flow\" style=\"flex-basis:33.33%\"><div class=\"wp-block-image is-style-default\">\n<figure class=\"aligncenter size-full\"><img loading=\"lazy\" decoding=\"async\" width=\"400\" height=\"300\" src=\"https:\/\/liaise-project.eu\/wp-content\/uploads\/2025\/04\/snt-george.jpg\" alt=\"snt george\" class=\"wp-image-37\"\/><\/figure><\/div><\/div>\n\n\n\n<div class=\"wp-block-column is-layout-flow wp-block-column-is-layout-flow\" style=\"flex-basis:66.66%\">\n<p><strong>Likio Agiou Georgiou Lakatamias<\/strong>&nbsp;\u00e9 uma escola p\u00fablica de ensino secund\u00e1rio em Nic\u00f3sia, Chipre. A escola coloca uma forte \u00eanfase no sucesso acad\u00e9mico, bem como no desenvolvimento pessoal, social e profissional dos seus alunos, proporcionando-lhes a oportunidade de aprender num ambiente inclusivo e acess\u00edvel. A escola \u00e9 reconhecida pelas suas a\u00e7\u00f5es a n\u00edvel nacional e europeu.<br>Para saber mais:<\/p>\n<\/div>\n<\/div>\n\n\n\n<div class=\"wp-block-columns partners-block is-layout-flex wp-container-core-columns-is-layout-9d6595d7 wp-block-columns-is-layout-flex\">\n<div class=\"wp-block-column is-layout-flow wp-block-column-is-layout-flow\" style=\"flex-basis:33.33%\"><div class=\"wp-block-image is-style-default\">\n<figure class=\"aligncenter size-full\"><img loading=\"lazy\" decoding=\"async\" width=\"400\" height=\"300\" src=\"https:\/\/liaise-project.eu\/wp-content\/uploads\/2025\/04\/ciara.jpg\" alt=\"ciara\" class=\"wp-image-36\"\/><\/figure><\/div><\/div>\n\n\n\n<div class=\"wp-block-column is-layout-flow wp-block-column-is-layout-flow\" style=\"flex-basis:66.66%\">\n<p><strong>Comit\u00e9 International Associatif de R\u00e9flexion et Action - Martinique (Fran\u00e7a)<\/strong>CIARA \u00e9 uma  associa\u00e7\u00e3o sediada na Martinica, em Fran\u00e7a, centrada na promo\u00e7\u00e3o e no apoio \u00e0 integra\u00e7\u00e3o de jovens marginalizados em ambientes educativos e sociais. A associa\u00e7\u00e3o tem experi\u00eancia em propor e implementar a\u00e7\u00f5es que abordam os problemas que os jovens e os seus pais enfrentam na sociedade local. No \u00e2mbito das suas atividades, a CIARA organiza sess\u00f5es de coaching, forma\u00e7\u00e3o e tutoria para jovens, estudantes e profissionais.<br>Para saber mais:<\/p>\n<\/div>\n<\/div>\n\n\n\n<div class=\"wp-block-columns partners-block is-layout-flex wp-container-core-columns-is-layout-9d6595d7 wp-block-columns-is-layout-flex\">\n<div class=\"wp-block-column is-layout-flow wp-block-column-is-layout-flow\" style=\"flex-basis:33.33%\"><div class=\"wp-block-image is-style-default\">\n<figure class=\"aligncenter size-full\"><img loading=\"lazy\" decoding=\"async\" width=\"400\" height=\"300\" src=\"https:\/\/liaise-project.eu\/wp-content\/uploads\/2025\/04\/rbrussels.jpg\" alt=\"rbrussels\" class=\"wp-image-33\"\/><\/figure><\/div><\/div>\n\n\n\n<div class=\"wp-block-column is-layout-flow wp-block-column-is-layout-flow\" style=\"flex-basis:66.66%\">\n<p><strong>ReadLab Brussels<\/strong>&nbsp;\u00e9 uma organiza\u00e7\u00e3o de an\u00e1lise de desenvolvimento e investiga\u00e7\u00e3o com sede em Bruxelas, B\u00e9lgica. A prioridade da organiza\u00e7\u00e3o \u00e9 apoiar institui\u00e7\u00f5es educativas formais e n\u00e3o formais numa vasta gama de dom\u00ednios atrav\u00e9s da presta\u00e7\u00e3o de assist\u00eancia t\u00e9cnica. O seu envolvimento ativo em iniciativas educativas permitiu \u00e0 ReadLab Brussels alcan\u00e7ar um impacto significativo no panorama educativo, promovendo a inclus\u00e3o, a acessibilidade e o crescimento.<br>Para saber mais:<\/p>\n<\/div>\n<\/div>\n\n\n\n<div class=\"wp-block-columns partners-block is-layout-flex wp-container-core-columns-is-layout-9d6595d7 wp-block-columns-is-layout-flex\">\n<div class=\"wp-block-column is-layout-flow wp-block-column-is-layout-flow\" style=\"flex-basis:33.33%\"><div class=\"wp-block-image is-style-default\">\n<figure class=\"aligncenter size-full\"><img loading=\"lazy\" decoding=\"async\" width=\"400\" height=\"300\" src=\"https:\/\/liaise-project.eu\/wp-content\/uploads\/2025\/04\/mkosmos.jpg\" alt=\"mkosmos\" class=\"wp-image-39\"\/><\/figure><\/div><\/div>\n\n\n\n<div class=\"wp-block-column is-layout-flow wp-block-column-is-layout-flow\" style=\"flex-basis:66.66%\">\n<p><strong>Associa\u00e7\u00e3o cultural italo-hel\u00e9nica para a forma\u00e7\u00e3o \u201cMicrokosmos\u201d - It\u00e1lia&nbsp;<\/strong>Microkosmos \u00e9 uma associa\u00e7\u00e3o cultural e educacional sem fins lucrativos em Turim, It\u00e1lia. O trabalho da associa\u00e7\u00e3o baseia-se nos princ\u00edpios da sustentabilidade, acessibilidade e inclus\u00e3o, apoiando ativamente a igualdade de acesso a contextos educativos e sociais para todos os indiv\u00edduos. A Microkosmos orienta o seu trabalho no sentido de fornecer aos jovens as compet\u00eancias b\u00e1sicas digitais e sociais necess\u00e1rias para navegarem nas realidades profissionais, sociais e educativas modernas.<br>Para saber mais:<\/p>\n<\/div>\n<\/div>\n<\/div>\n<\/div>","protected":false},"excerpt":{"rendered":"<p>PARTNERS Agrupamento de Escolas do Barreiro is<\/p>","protected":false},"author":1,"featured_media":0,"parent":0,"menu_order":0,"comment_status":"closed","ping_status":"closed","template":"page-fluid.php","meta":{"_acf_changed":false,"_uag_custom_page_level_css":"","footnotes":""},"class_list":["post-103","page","type-page","status-publish","hentry"],"acf":[],"yoast_head":"<!-- This site is optimized with the Yoast SEO plugin v25.3.1 - https:\/\/yoast.com\/wordpress\/plugins\/seo\/ -->\n<title>Partners - Liaise<\/title>\n<meta name=\"robots\" content=\"index, follow, max-snippet:-1, max-image-preview:large, max-video-preview:-1\" \/>\n<link rel=\"canonical\" href=\"https:\/\/liaise-project.eu\/pt\/partners\/\" \/>\n<meta property=\"og:locale\" content=\"pt_PT\" \/>\n<meta property=\"og:type\" content=\"article\" \/>\n<meta property=\"og:title\" content=\"Partners - Liaise\" \/>\n<meta property=\"og:description\" content=\"PARTNERS Agrupamento de Escolas do Barreiro is\" \/>\n<meta property=\"og:url\" content=\"https:\/\/liaise-project.eu\/pt\/partners\/\" \/>\n<meta property=\"og:site_name\" content=\"Liaise\" \/>\n<meta property=\"article:modified_time\" content=\"2025-04-29T09:27:38+00:00\" \/>\n<meta property=\"og:image\" content=\"https:\/\/liaise-project.eu\/wp-content\/uploads\/2025\/04\/partners.jpg\" \/>\n\t<meta property=\"og:image:width\" content=\"2206\" \/>\n\t<meta property=\"og:image:height\" content=\"305\" \/>\n\t<meta property=\"og:image:type\" content=\"image\/jpeg\" \/>\n<meta name=\"twitter:card\" content=\"summary_large_image\" \/>\n<meta name=\"twitter:label1\" content=\"Tempo estimado de leitura\" \/>\n\t<meta name=\"twitter:data1\" content=\"4 minutos\" \/>\n<script type=\"application\/ld+json\" class=\"yoast-schema-graph\">{\"@context\":\"https:\/\/schema.org\",\"@graph\":[{\"@type\":\"WebPage\",\"@id\":\"https:\/\/liaise-project.eu\/partners\/\",\"url\":\"https:\/\/liaise-project.eu\/partners\/\",\"name\":\"Partners - Liaise\",\"isPartOf\":{\"@id\":\"https:\/\/liaise-project.eu\/#website\"},\"primaryImageOfPage\":{\"@id\":\"https:\/\/liaise-project.eu\/partners\/#primaryimage\"},\"image\":{\"@id\":\"https:\/\/liaise-project.eu\/partners\/#primaryimage\"},\"thumbnailUrl\":\"https:\/\/liaise-project.eu\/wp-content\/uploads\/2025\/04\/partners.jpg\",\"datePublished\":\"2025-04-28T08:08:03+00:00\",\"dateModified\":\"2025-04-29T09:27:38+00:00\",\"breadcrumb\":{\"@id\":\"https:\/\/liaise-project.eu\/partners\/#breadcrumb\"},\"inLanguage\":\"pt-PT\",\"potentialAction\":[{\"@type\":\"ReadAction\",\"target\":[\"https:\/\/liaise-project.eu\/partners\/\"]}]},{\"@type\":\"ImageObject\",\"inLanguage\":\"pt-PT\",\"@id\":\"https:\/\/liaise-project.eu\/partners\/#primaryimage\",\"url\":\"https:\/\/liaise-project.eu\/wp-content\/uploads\/2025\/04\/partners.jpg\",\"contentUrl\":\"https:\/\/liaise-project.eu\/wp-content\/uploads\/2025\/04\/partners.jpg\"},{\"@type\":\"BreadcrumbList\",\"@id\":\"https:\/\/liaise-project.eu\/partners\/#breadcrumb\",\"itemListElement\":[{\"@type\":\"ListItem\",\"position\":1,\"name\":\"Home\",\"item\":\"https:\/\/liaise-project.eu\/\"},{\"@type\":\"ListItem\",\"position\":2,\"name\":\"Partners\"}]},{\"@type\":\"WebSite\",\"@id\":\"https:\/\/liaise-project.eu\/#website\",\"url\":\"https:\/\/liaise-project.eu\/\",\"name\":\"Liaise\",\"description\":\"\",\"potentialAction\":[{\"@type\":\"SearchAction\",\"target\":{\"@type\":\"EntryPoint\",\"urlTemplate\":\"https:\/\/liaise-project.eu\/?s={search_term_string}\"},\"query-input\":{\"@type\":\"PropertyValueSpecification\",\"valueRequired\":true,\"valueName\":\"search_term_string\"}}],\"inLanguage\":\"pt-PT\"}]}<\/script>\n<!-- \/ Yoast SEO plugin. -->","yoast_head_json":{"title":"Partners - Liaise","robots":{"index":"index","follow":"follow","max-snippet":"max-snippet:-1","max-image-preview":"max-image-preview:large","max-video-preview":"max-video-preview:-1"},"canonical":"https:\/\/liaise-project.eu\/pt\/partners\/","og_locale":"pt_PT","og_type":"article","og_title":"Partners - Liaise","og_description":"PARTNERS Agrupamento de Escolas do Barreiro is","og_url":"https:\/\/liaise-project.eu\/pt\/partners\/","og_site_name":"Liaise","article_modified_time":"2025-04-29T09:27:38+00:00","og_image":[{"width":2206,"height":305,"url":"https:\/\/liaise-project.eu\/wp-content\/uploads\/2025\/04\/partners.jpg","type":"image\/jpeg"}],"twitter_card":"summary_large_image","twitter_misc":{"Tempo estimado de leitura":"4 minutos"},"schema":{"@context":"https:\/\/schema.org","@graph":[{"@type":"WebPage","@id":"https:\/\/liaise-project.eu\/partners\/","url":"https:\/\/liaise-project.eu\/partners\/","name":"Partners - Liaise","isPartOf":{"@id":"https:\/\/liaise-project.eu\/#website"},"primaryImageOfPage":{"@id":"https:\/\/liaise-project.eu\/partners\/#primaryimage"},"image":{"@id":"https:\/\/liaise-project.eu\/partners\/#primaryimage"},"thumbnailUrl":"https:\/\/liaise-project.eu\/wp-content\/uploads\/2025\/04\/partners.jpg","datePublished":"2025-04-28T08:08:03+00:00","dateModified":"2025-04-29T09:27:38+00:00","breadcrumb":{"@id":"https:\/\/liaise-project.eu\/partners\/#breadcrumb"},"inLanguage":"pt-PT","potentialAction":[{"@type":"ReadAction","target":["https:\/\/liaise-project.eu\/partners\/"]}]},{"@type":"ImageObject","inLanguage":"pt-PT","@id":"https:\/\/liaise-project.eu\/partners\/#primaryimage","url":"https:\/\/liaise-project.eu\/wp-content\/uploads\/2025\/04\/partners.jpg","contentUrl":"https:\/\/liaise-project.eu\/wp-content\/uploads\/2025\/04\/partners.jpg"},{"@type":"BreadcrumbList","@id":"https:\/\/liaise-project.eu\/partners\/#breadcrumb","itemListElement":[{"@type":"ListItem","position":1,"name":"Home","item":"https:\/\/liaise-project.eu\/"},{"@type":"ListItem","position":2,"name":"Partners"}]},{"@type":"WebSite","@id":"https:\/\/liaise-project.eu\/#website","url":"https:\/\/liaise-project.eu\/","name":"Liaise","description":"","potentialAction":[{"@type":"SearchAction","target":{"@type":"EntryPoint","urlTemplate":"https:\/\/liaise-project.eu\/?s={search_term_string}"},"query-input":{"@type":"PropertyValueSpecification","valueRequired":true,"valueName":"search_term_string"}}],"inLanguage":"pt-PT"}]}},"uagb_featured_image_src":{"full":false,"thumbnail":false,"medium":false,"medium_large":false,"large":false,"1536x1536":false,"2048x2048":false,"trp-custom-language-flag":false},"uagb_author_info":{"display_name":"admin","author_link":"https:\/\/liaise-project.eu\/pt\/author\/liaisewpadmn\/"},"uagb_comment_info":0,"uagb_excerpt":"PARTNERS Agrupamento de Escolas do Barreiro is","_links":{"self":[{"href":"https:\/\/liaise-project.eu\/pt\/wp-json\/wp\/v2\/pages\/103","targetHints":{"allow":["GET"]}}],"collection":[{"href":"https:\/\/liaise-project.eu\/pt\/wp-json\/wp\/v2\/pages"}],"about":[{"href":"https:\/\/liaise-project.eu\/pt\/wp-json\/wp\/v2\/types\/page"}],"author":[{"embeddable":true,"href":"https:\/\/liaise-project.eu\/pt\/wp-json\/wp\/v2\/users\/1"}],"replies":[{"embeddable":true,"href":"https:\/\/liaise-project.eu\/pt\/wp-json\/wp\/v2\/comments?post=103"}],"version-history":[{"count":9,"href":"https:\/\/liaise-project.eu\/pt\/wp-json\/wp\/v2\/pages\/103\/revisions"}],"predecessor-version":[{"id":207,"href":"https:\/\/liaise-project.eu\/pt\/wp-json\/wp\/v2\/pages\/103\/revisions\/207"}],"wp:attachment":[{"href":"https:\/\/liaise-project.eu\/pt\/wp-json\/wp\/v2\/media?parent=103"}],"curies":[{"name":"wp","href":"https:\/\/api.w.org\/{rel}","templated":true}]}}