{"id":110,"date":"2025-04-28T09:39:46","date_gmt":"2025-04-28T09:39:46","guid":{"rendered":"https:\/\/liaise-project.eu\/?page_id=110"},"modified":"2025-08-28T09:24:28","modified_gmt":"2025-08-28T09:24:28","slug":"results","status":"publish","type":"page","link":"https:\/\/liaise-project.eu\/scn\/results\/","title":{"rendered":"Risultati"},"content":{"rendered":"<div class=\"wp-block-uagb-container section-img uagb-block-4e28198a alignfull uagb-is-root-container\">\n<figure class=\"wp-block-image size-full\"><img loading=\"lazy\" decoding=\"async\" width=\"2169\" height=\"344\" src=\"https:\/\/liaise-project.eu\/wp-content\/uploads\/2025\/04\/results.jpg\" alt=\"results\" class=\"wp-image-111\" srcset=\"https:\/\/liaise-project.eu\/wp-content\/uploads\/2025\/04\/results.jpg 2169w, https:\/\/liaise-project.eu\/wp-content\/uploads\/2025\/04\/results-650x103.jpg 650w, https:\/\/liaise-project.eu\/wp-content\/uploads\/2025\/04\/results-1280x203.jpg 1280w, https:\/\/liaise-project.eu\/wp-content\/uploads\/2025\/04\/results-768x122.jpg 768w, https:\/\/liaise-project.eu\/wp-content\/uploads\/2025\/04\/results-1536x244.jpg 1536w, https:\/\/liaise-project.eu\/wp-content\/uploads\/2025\/04\/results-2048x325.jpg 2048w\" sizes=\"auto, (max-width: 2169px) 100vw, 2169px\" \/><\/figure>\n<\/div>\n\n\n\n<div data-aos= \"fade-up\" data-aos-duration=\"400\" data-aos-delay=\"0\" data-aos-easing=\"ease\" data-aos-once=\"true\" class=\"wp-block-uagb-container main-page-results uagb-block-da431a8e alignfull uagb-is-root-container\">\n<h2 class=\"wp-block-heading\">Risultati<\/h2>\n\n\n\n<p>Esplora li materiali ca avemu criatu duranti l'implementazioni d\u00fb pruggettu LIAISE. Li risultati includinu na multitudini di risorsi educativi diversi sia p\u00ee nzignanti ca p\u00ee studenti. Naviga nta sta pagina, accedi \u00ea rispettivi pagini d\u00ee risultati e unisciti a nui nta stu viaggiu educativu!<\/p>\n\n\n\n<div class=\"wp-block-uagb-container main-inside-white uagb-block-b2d27e6c alignfull uagb-is-root-container\">\n<div class=\"wp-block-columns are-vertically-aligned-center is-layout-flex wp-container-core-columns-is-layout-9d6595d7 wp-block-columns-is-layout-flex\">\n<div class=\"wp-block-column is-vertically-aligned-center is-layout-flow wp-block-column-is-layout-flow\" style=\"flex-basis:10%\"><div class=\"wp-block-image\">\n<figure class=\"alignleft size-full is-resized\"><img loading=\"lazy\" decoding=\"async\" width=\"300\" height=\"300\" src=\"https:\/\/liaise-project.eu\/wp-content\/uploads\/2025\/04\/23.png\" alt=\"23\" class=\"wp-image-112\" style=\"object-fit:contain;width:100px;height:100px\"\/><\/figure><\/div><\/div>\n\n\n\n<div class=\"wp-block-column is-vertically-aligned-center is-layout-flow wp-block-column-is-layout-flow\" style=\"flex-basis:90%\">\n<h3 class=\"wp-block-heading\">Esploraturi Linguisticu (Smart Education Guide)<\/h3>\n\n\n\n<p>Guida cumpleta cuntinenti nfurmazioni preziusi supra l'apprendimentu adattivu e supra l'apprendimentu autumaticu, ca guida li nzignanti supra comu integrari sti tecnologia nt\u00ee classi multilingui.<br><a class=\"results-links\" href=\"https:\/\/liaise-project.eu\/wp-content\/uploads\/2025\/08\/Smart-Education-Guide-Linguistic-Pathfinder-SCN.pdf\" target=\"_blank\" rel=\"noreferrer noopener\"><span class=\"pdficon fa-regular fa-file-pdf\"><\/span>Leggi la guida<\/a><\/p>\n<\/div>\n<\/div>\n\n\n\n<div class=\"wp-block-columns are-vertically-aligned-center is-layout-flex wp-container-core-columns-is-layout-9d6595d7 wp-block-columns-is-layout-flex\">\n<div class=\"wp-block-column is-vertically-aligned-center is-layout-flow wp-block-column-is-layout-flow\" style=\"flex-basis:10%\"><div class=\"wp-block-image\">\n<figure class=\"alignleft size-full is-resized\"><img loading=\"lazy\" decoding=\"async\" width=\"300\" height=\"300\" src=\"https:\/\/liaise-project.eu\/wp-content\/uploads\/2025\/04\/24.png\" alt=\"24\" class=\"wp-image-113\" style=\"object-fit:contain;width:100px;height:100px\"\/><\/figure><\/div><\/div>\n\n\n\n<div class=\"wp-block-column is-vertically-aligned-center is-layout-flow wp-block-column-is-layout-flow\" style=\"flex-basis:90%\">\n<h3 class=\"wp-block-heading\">Mosaicu Culturali (Piattaforma collaborativa pi l'apprendimentu d\u00ee lingui)<\/h3>\n\n\n\n<p>Piattaforma online cuntinenti na bibliuteca di risorsi pi lingue\/dialetti minoritari, un forum d\u00e2 cumunit\u00e0, moduli di furmazioni VR e un cruscottu di analisi di l'apprendimentu.<br>Visita la piattaforma<\/p>\n<\/div>\n<\/div>\n\n\n\n<div class=\"wp-block-columns are-vertically-aligned-center is-layout-flex wp-container-core-columns-is-layout-9d6595d7 wp-block-columns-is-layout-flex\">\n<div class=\"wp-block-column is-vertically-aligned-center is-layout-flow wp-block-column-is-layout-flow\" style=\"flex-basis:10%\"><div class=\"wp-block-image\">\n<figure class=\"alignleft size-full is-resized\"><img loading=\"lazy\" decoding=\"async\" width=\"300\" height=\"300\" src=\"https:\/\/liaise-project.eu\/wp-content\/uploads\/2025\/04\/25.png\" alt=\"25\" class=\"wp-image-114\" style=\"object-fit:contain;width:100px;height:100px\"\/><\/figure><\/div><\/div>\n\n\n\n<div class=\"wp-block-column is-vertically-aligned-center is-layout-flow wp-block-column-is-layout-flow\" style=\"flex-basis:90%\">\n<h3 class=\"wp-block-heading\">Dialogue Bridge (Laboraturi di cumunicazioni culturali)<\/h3>\n\n\n\n<p>Laboraturi di cumunicazioni culturali in classi, dotati di guidi e strumenti digitali.<br>Vidi li materiali<\/p>\n<\/div>\n<\/div>\n\n\n\n<div class=\"wp-block-columns are-vertically-aligned-center is-layout-flex wp-container-core-columns-is-layout-9d6595d7 wp-block-columns-is-layout-flex\">\n<div class=\"wp-block-column is-vertically-aligned-center is-layout-flow wp-block-column-is-layout-flow\" style=\"flex-basis:10%\"><div class=\"wp-block-image\">\n<figure class=\"alignleft size-full is-resized\"><img loading=\"lazy\" decoding=\"async\" width=\"300\" height=\"300\" src=\"https:\/\/liaise-project.eu\/wp-content\/uploads\/2025\/04\/26.png\" alt=\"26\" class=\"wp-image-115\" style=\"object-fit:contain;width:100px;height:100px\"\/><\/figure><\/div><\/div>\n\n\n\n<div class=\"wp-block-column is-vertically-aligned-center is-layout-flow wp-block-column-is-layout-flow\" style=\"flex-basis:90%\">\n<h3 class=\"wp-block-heading\">Mappa Dialettali Interattiva<\/h3>\n\n\n\n<p>Na mappa dialettali interattiva completa cu 120 vuci pi varii lingui e dialetti minoritari.<br>Visita la piattaforma<\/p>\n<\/div>\n<\/div>\n\n\n\n<div class=\"wp-block-columns are-vertically-aligned-center is-layout-flex wp-container-core-columns-is-layout-9d6595d7 wp-block-columns-is-layout-flex\">\n<div class=\"wp-block-column is-vertically-aligned-center is-layout-flow wp-block-column-is-layout-flow\" style=\"flex-basis:10%\"><div class=\"wp-block-image\">\n<figure class=\"alignleft size-full is-resized\"><img loading=\"lazy\" decoding=\"async\" width=\"300\" height=\"300\" src=\"https:\/\/liaise-project.eu\/wp-content\/uploads\/2025\/04\/27.png\" alt=\"27\" class=\"wp-image-116\" style=\"object-fit:contain;width:100px;height:100px\"\/><\/figure><\/div><\/div>\n\n\n\n<div class=\"wp-block-column is-vertically-aligned-center is-layout-flow wp-block-column-is-layout-flow\" style=\"flex-basis:90%\">\n<h3 class=\"wp-block-heading\">Risorsi educativi<\/h3>\n\n\n\n<p>Na variet\u00e0 di risorsi, cuntinenti piani di lezzioni adattati a diversi ambienti di apprendimentu, ca promovunu metodi e strateggi multiculturali e multilingui nt\u00ee classi.<br>Vidi li materiali<\/p>\n<\/div>\n<\/div>\n<\/div>\n<\/div>\n\n\n\n<div data-aos= \"slide-up\" data-aos-duration=\"400\" data-aos-delay=\"0\" data-aos-easing=\"ease\" data-aos-once=\"true\" class=\"wp-block-uagb-container home-section-3 uagb-block-f1d3a09b alignfull uagb-is-root-container\">\n<blockquote class=\"wp-block-quote is-layout-flow wp-block-quote-is-layout-flow\">\n<h2 class=\"wp-block-heading has-text-align-center translation-block\">\u201cLinguistic diversity is a treasure of humanity<br>that must be preserved.\u201d<br>\u2014 UNESCO<\/h2>\n<\/blockquote>\n<\/div>","protected":false},"excerpt":{"rendered":"<p>RESULTS Explore the materials we have created<\/p>","protected":false},"author":1,"featured_media":0,"parent":0,"menu_order":0,"comment_status":"closed","ping_status":"closed","template":"page-fluid.php","meta":{"_acf_changed":false,"_uag_custom_page_level_css":"","footnotes":""},"class_list":["post-110","page","type-page","status-publish","hentry"],"acf":[],"yoast_head":"<!-- This site is optimized with the Yoast SEO plugin v25.3.1 - https:\/\/yoast.com\/wordpress\/plugins\/seo\/ -->\n<title>Results - Liaise<\/title>\n<meta name=\"robots\" content=\"index, follow, max-snippet:-1, max-image-preview:large, max-video-preview:-1\" \/>\n<link rel=\"canonical\" href=\"https:\/\/liaise-project.eu\/scn\/results\/\" \/>\n<meta property=\"og:locale\" content=\"en_US\" \/>\n<meta property=\"og:type\" content=\"article\" \/>\n<meta property=\"og:title\" content=\"Results - Liaise\" \/>\n<meta property=\"og:description\" content=\"RESULTS Explore the materials we have created\" \/>\n<meta property=\"og:url\" content=\"https:\/\/liaise-project.eu\/scn\/results\/\" \/>\n<meta property=\"og:site_name\" content=\"Liaise\" \/>\n<meta property=\"article:modified_time\" content=\"2025-08-28T09:24:28+00:00\" \/>\n<meta property=\"og:image\" content=\"https:\/\/liaise-project.eu\/wp-content\/uploads\/2025\/04\/results.jpg\" \/>\n\t<meta property=\"og:image:width\" content=\"2169\" \/>\n\t<meta property=\"og:image:height\" content=\"344\" \/>\n\t<meta property=\"og:image:type\" content=\"image\/jpeg\" \/>\n<meta name=\"twitter:card\" content=\"summary_large_image\" \/>\n<meta name=\"twitter:label1\" content=\"Est. reading time\" \/>\n\t<meta name=\"twitter:data1\" content=\"2 minutes\" \/>\n<script type=\"application\/ld+json\" class=\"yoast-schema-graph\">{\"@context\":\"https:\/\/schema.org\",\"@graph\":[{\"@type\":\"WebPage\",\"@id\":\"https:\/\/liaise-project.eu\/results\/\",\"url\":\"https:\/\/liaise-project.eu\/results\/\",\"name\":\"Results - Liaise\",\"isPartOf\":{\"@id\":\"https:\/\/liaise-project.eu\/#website\"},\"primaryImageOfPage\":{\"@id\":\"https:\/\/liaise-project.eu\/results\/#primaryimage\"},\"image\":{\"@id\":\"https:\/\/liaise-project.eu\/results\/#primaryimage\"},\"thumbnailUrl\":\"https:\/\/liaise-project.eu\/wp-content\/uploads\/2025\/04\/results.jpg\",\"datePublished\":\"2025-04-28T09:39:46+00:00\",\"dateModified\":\"2025-08-28T09:24:28+00:00\",\"breadcrumb\":{\"@id\":\"https:\/\/liaise-project.eu\/results\/#breadcrumb\"},\"inLanguage\":\"scn\",\"potentialAction\":[{\"@type\":\"ReadAction\",\"target\":[\"https:\/\/liaise-project.eu\/results\/\"]}]},{\"@type\":\"ImageObject\",\"inLanguage\":\"scn\",\"@id\":\"https:\/\/liaise-project.eu\/results\/#primaryimage\",\"url\":\"https:\/\/liaise-project.eu\/wp-content\/uploads\/2025\/04\/results.jpg\",\"contentUrl\":\"https:\/\/liaise-project.eu\/wp-content\/uploads\/2025\/04\/results.jpg\"},{\"@type\":\"BreadcrumbList\",\"@id\":\"https:\/\/liaise-project.eu\/results\/#breadcrumb\",\"itemListElement\":[{\"@type\":\"ListItem\",\"position\":1,\"name\":\"Home\",\"item\":\"https:\/\/liaise-project.eu\/\"},{\"@type\":\"ListItem\",\"position\":2,\"name\":\"Results\"}]},{\"@type\":\"WebSite\",\"@id\":\"https:\/\/liaise-project.eu\/#website\",\"url\":\"https:\/\/liaise-project.eu\/\",\"name\":\"Liaise\",\"description\":\"\",\"potentialAction\":[{\"@type\":\"SearchAction\",\"target\":{\"@type\":\"EntryPoint\",\"urlTemplate\":\"https:\/\/liaise-project.eu\/?s={search_term_string}\"},\"query-input\":{\"@type\":\"PropertyValueSpecification\",\"valueRequired\":true,\"valueName\":\"search_term_string\"}}],\"inLanguage\":\"scn\"}]}<\/script>\n<!-- \/ Yoast SEO plugin. -->","yoast_head_json":{"title":"Results - Liaise","robots":{"index":"index","follow":"follow","max-snippet":"max-snippet:-1","max-image-preview":"max-image-preview:large","max-video-preview":"max-video-preview:-1"},"canonical":"https:\/\/liaise-project.eu\/scn\/results\/","og_locale":"en_US","og_type":"article","og_title":"Results - Liaise","og_description":"RESULTS Explore the materials we have created","og_url":"https:\/\/liaise-project.eu\/scn\/results\/","og_site_name":"Liaise","article_modified_time":"2025-08-28T09:24:28+00:00","og_image":[{"width":2169,"height":344,"url":"https:\/\/liaise-project.eu\/wp-content\/uploads\/2025\/04\/results.jpg","type":"image\/jpeg"}],"twitter_card":"summary_large_image","twitter_misc":{"Est. reading time":"2 minutes"},"schema":{"@context":"https:\/\/schema.org","@graph":[{"@type":"WebPage","@id":"https:\/\/liaise-project.eu\/results\/","url":"https:\/\/liaise-project.eu\/results\/","name":"Results - Liaise","isPartOf":{"@id":"https:\/\/liaise-project.eu\/#website"},"primaryImageOfPage":{"@id":"https:\/\/liaise-project.eu\/results\/#primaryimage"},"image":{"@id":"https:\/\/liaise-project.eu\/results\/#primaryimage"},"thumbnailUrl":"https:\/\/liaise-project.eu\/wp-content\/uploads\/2025\/04\/results.jpg","datePublished":"2025-04-28T09:39:46+00:00","dateModified":"2025-08-28T09:24:28+00:00","breadcrumb":{"@id":"https:\/\/liaise-project.eu\/results\/#breadcrumb"},"inLanguage":"scn","potentialAction":[{"@type":"ReadAction","target":["https:\/\/liaise-project.eu\/results\/"]}]},{"@type":"ImageObject","inLanguage":"scn","@id":"https:\/\/liaise-project.eu\/results\/#primaryimage","url":"https:\/\/liaise-project.eu\/wp-content\/uploads\/2025\/04\/results.jpg","contentUrl":"https:\/\/liaise-project.eu\/wp-content\/uploads\/2025\/04\/results.jpg"},{"@type":"BreadcrumbList","@id":"https:\/\/liaise-project.eu\/results\/#breadcrumb","itemListElement":[{"@type":"ListItem","position":1,"name":"Home","item":"https:\/\/liaise-project.eu\/"},{"@type":"ListItem","position":2,"name":"Results"}]},{"@type":"WebSite","@id":"https:\/\/liaise-project.eu\/#website","url":"https:\/\/liaise-project.eu\/","name":"Liaise","description":"","potentialAction":[{"@type":"SearchAction","target":{"@type":"EntryPoint","urlTemplate":"https:\/\/liaise-project.eu\/?s={search_term_string}"},"query-input":{"@type":"PropertyValueSpecification","valueRequired":true,"valueName":"search_term_string"}}],"inLanguage":"scn"}]}},"uagb_featured_image_src":{"full":false,"thumbnail":false,"medium":false,"medium_large":false,"large":false,"1536x1536":false,"2048x2048":false,"trp-custom-language-flag":false},"uagb_author_info":{"display_name":"admin","author_link":"https:\/\/liaise-project.eu\/scn\/author\/liaisewpadmn\/"},"uagb_comment_info":0,"uagb_excerpt":"RESULTS Explore the materials we have created","_links":{"self":[{"href":"https:\/\/liaise-project.eu\/scn\/wp-json\/wp\/v2\/pages\/110","targetHints":{"allow":["GET"]}}],"collection":[{"href":"https:\/\/liaise-project.eu\/scn\/wp-json\/wp\/v2\/pages"}],"about":[{"href":"https:\/\/liaise-project.eu\/scn\/wp-json\/wp\/v2\/types\/page"}],"author":[{"embeddable":true,"href":"https:\/\/liaise-project.eu\/scn\/wp-json\/wp\/v2\/users\/1"}],"replies":[{"embeddable":true,"href":"https:\/\/liaise-project.eu\/scn\/wp-json\/wp\/v2\/comments?post=110"}],"version-history":[{"count":10,"href":"https:\/\/liaise-project.eu\/scn\/wp-json\/wp\/v2\/pages\/110\/revisions"}],"predecessor-version":[{"id":351,"href":"https:\/\/liaise-project.eu\/scn\/wp-json\/wp\/v2\/pages\/110\/revisions\/351"}],"wp:attachment":[{"href":"https:\/\/liaise-project.eu\/scn\/wp-json\/wp\/v2\/media?parent=110"}],"curies":[{"name":"wp","href":"https:\/\/api.w.org\/{rel}","templated":true}]}}