{"id":73,"date":"2025-04-25T14:37:28","date_gmt":"2025-04-25T14:37:28","guid":{"rendered":"https:\/\/liaise-project.eu\/?page_id=73"},"modified":"2025-04-29T09:26:10","modified_gmt":"2025-04-29T09:26:10","slug":"about","status":"publish","type":"page","link":"https:\/\/liaise-project.eu\/scn\/about\/","title":{"rendered":"Informazioni"},"content":{"rendered":"<div data-aos= \"fade-up\" data-aos-duration=\"400\" data-aos-delay=\"0\" data-aos-easing=\"ease\" data-aos-once=\"true\" class=\"wp-block-uagb-container about-section-1 uagb-block-ec3ed751 alignfull uagb-is-root-container\">\n<h2 class=\"wp-block-heading\">Informazioni supra lu pruggettu<\/h2>\n\n\n\n<div class=\"wp-block-uagb-container main-page-inside-blue uagb-block-6da24eda alignfull uagb-is-root-container\">\n<div class=\"wp-block-columns is-layout-flex wp-container-core-columns-is-layout-9d6595d7 wp-block-columns-is-layout-flex\">\n<div class=\"wp-block-column is-layout-flow wp-block-column-is-layout-flow\" style=\"flex-basis:66.66%\">\n<p>LIAISE \u00e8 un pruggettu Erasmus+ basatu supra lu principiu e supra la nicissit\u00e0 imperativa di prisirvari la diversit\u00e0 linguistica e salvaguardari li lingui minoritari, comu sustinutu d\u00ee societ\u00e0 europei e ntirnaziunali.<\/p>\n\n\n\n<p>L'iniziativa prividi l'attuazioni di misure ca promovunu, proteggiunu e rivitalizzanu li lingui e li dialetti reggionali e minoritari. Li materiali d\u00fb prugettu, comu li risorsi educativi, li produzioni culturali e li piattaformi online, sunnu dispunibbili nta sti lingui minoritari, migghiurannucci la visibbilit\u00e0 nt\u00e2 vita pubblica.<\/p>\n\n\n\n<p>Chistu consenti la criazioni e la promozioni di societ\u00e0 inclusivi unni la diversit\u00e0 linguistica e culturali \u00e8 sustinuta e celebrata.<\/p>\n<\/div>\n\n\n\n<div class=\"wp-block-column is-layout-flow wp-block-column-is-layout-flow\" style=\"flex-basis:33.33%\">\n<figure class=\"wp-block-image size-full\"><img loading=\"lazy\" decoding=\"async\" width=\"1111\" height=\"742\" src=\"https:\/\/liaise-project.eu\/wp-content\/uploads\/2025\/04\/2222.jpg\" alt=\"2222\" class=\"wp-image-80\" srcset=\"https:\/\/liaise-project.eu\/wp-content\/uploads\/2025\/04\/2222.jpg 1111w, https:\/\/liaise-project.eu\/wp-content\/uploads\/2025\/04\/2222-650x434.jpg 650w, https:\/\/liaise-project.eu\/wp-content\/uploads\/2025\/04\/2222-768x513.jpg 768w\" sizes=\"auto, (max-width: 1111px) 100vw, 1111px\" \/><\/figure>\n<\/div>\n<\/div>\n<\/div>\n<\/div>\n\n\n\n<div data-aos= \"slide-up\" data-aos-duration=\"400\" data-aos-delay=\"0\" data-aos-easing=\"ease\" data-aos-once=\"true\" class=\"wp-block-uagb-container about-section-2 uagb-block-b3ffc2d3 alignfull uagb-is-root-container\">\n<h2 class=\"wp-block-heading\">Obbiettivi d\u00fb progettu<\/h2>\n\n\n\n<div class=\"wp-block-uagb-container main-page-inside-green uagb-block-dbc0b82f alignfull uagb-is-root-container\">\n<p class=\"pointing\">L'obbiettivi d\u00fb pruggettu sunnu in linia cu l'obiettivi generali di conservazioni culturali e linguistica, coesioni sociali e promozioni d\u00e2 cumprensioni reciproca tra cumunit\u00e0 diversi.<\/p>\n\n\n\n<p>L'obiettivi specifici d\u00fb pruggettu LIAISE sunnu:<\/p>\n\n\n\n<p><strong>1.<\/strong>&nbsp;Promoviri la diversit\u00e0 linguistica e l'inclusioni sia nta l'ambienti sculastici ca nt\u00e2 societ\u00e0.<\/p>\n\n\n\n<p><strong>2.<\/strong> Migghiurari l'istruzioni multilingui, cu particulari attinzioni \u00ea lingui e \u00ea dialetti minoritari in via di estinzioni.<\/p>\n\n\n\n<p><strong>3.<\/strong>&nbsp;Sviluppari risorsi multilingui e accessibili pi insignanti e educaturi.<\/p>\n\n\n\n<p><strong>4.<\/strong> Susteniri l'impegnu civicu e la participazioni attiva d\u00ee gruppi linguisticamenti e culturalmenti emarginati.<\/p>\n\n\n\n<p><strong>5.<\/strong>&nbsp;Sensibbilizzari l'opinioni pubblica supra li problemi ligati \u00ea minoranzi linguistichi e supra la s\u00f2 visibbilit\u00e0 nt\u00e2 vita sociali e educativa quotidiana.<\/p>\n\n\n\n<p><strong>6.<\/strong>&nbsp;Garantiri pari accessu a l'istruzioni pi ogni studenti, indipinnenti d\u00fb s\u00f2 background culturali e\/o linguisticu.<\/p>\n\n\n\n<p><strong>7.<\/strong> Empower communities to celebrate and promote linguistic diversity.<\/p>\n<\/div>\n<\/div>\n\n\n\n<div data-aos= \"fade-up\" data-aos-duration=\"400\" data-aos-delay=\"0\" data-aos-easing=\"ease\" data-aos-once=\"true\" class=\"wp-block-uagb-container about-section-3 uagb-block-67daff29 alignfull uagb-is-root-container\">\n<h2 class=\"wp-block-heading\">Gruppi target<\/h2>\n\n\n\n<div class=\"wp-block-uagb-container main-page-inside-orange uagb-block-17ee085b alignfull uagb-is-root-container\">\n<p class=\"pointing\">Lu pubblicu target d\u00fb progettu cumprenni na variet\u00e0 di gruppi e atturi diversi, apportannu un cangiamentu e un impattu significativu a l'istruzioni multilingui inclusiva e accessibili.<\/p>\n\n\n\n<h3 class=\"wp-block-heading\">Gruppi diretti:<\/h3>\n\n\n\n<p>Insignanti e pirsunali sculasticu<br><br>Studenti di minoranzi linguistichi<br><br>Ginituri di studenti appartinenti a minoranzi linguistichi<\/p>\n\n\n\n<h3 class=\"wp-block-heading\">Gruppi indiretti:<\/h3>\n\n\n\n<p>Amministraturi sculastici e amministraturi pulitici<br><br>Gruppi linguistici ed esperti d\u00e2 cumunit\u00e0 locali<\/p>\n<\/div>\n<\/div>\n\n\n\n<div data-aos= \"slide-up\" data-aos-duration=\"400\" data-aos-delay=\"0\" data-aos-easing=\"ease\" data-aos-once=\"true\" class=\"wp-block-uagb-container about-section-4 uagb-block-22ff7d56 alignfull uagb-is-root-container\">\n<h2 class=\"wp-block-heading\">Lingui d\u00fb progettu<\/h2>\n\n\n\n<div class=\"wp-block-uagb-container main-page-inside-yellow uagb-block-25bf9e2f alignfull uagb-is-root-container\">\n<p class=\"pointing\">Pi garantiri l'accessibilit\u00e0 linguistica d\u00ee materiali d\u00fb pruggettu, chisti sunnu dispunibbili nt\u00ee siguenti lingui\/dialetti principali e minoritari:<\/p>\n\n\n\n<ul class=\"wp-block-list\">\n<li><em>Ngilisi<\/em><\/li>\n\n\n\n<li><em>Portughisi<\/em><\/li>\n\n\n\n<li><em>Mirandese<\/em><\/li>\n\n\n\n<li><em>Grecu<\/em><\/li>\n\n\n\n<li><em>Grecu Cipriota<\/em><\/li>\n\n\n\n<li><em>Francisi<\/em><\/li>\n\n\n\n<li><em>Creolu Martinicanu<\/em><\/li>\n\n\n\n<li><em>Olansisi (Ciammingu)<\/em><\/li>\n\n\n\n<li><em>Ciammingu Occidintali<\/em><\/li>\n\n\n\n<li><em>Talianu<\/em><\/li>\n\n\n\n<li><em>Sicilianu<\/em><\/li>\n<\/ul>\n<\/div>\n<\/div>\n\n\n\n<div data-aos= \"slide-up\" data-aos-duration=\"400\" data-aos-delay=\"0\" data-aos-easing=\"ease\" data-aos-once=\"true\" class=\"wp-block-uagb-container home-section-3 uagb-block-f1d3a09b alignfull uagb-is-root-container\">\n<blockquote class=\"wp-block-quote is-layout-flow wp-block-quote-is-layout-flow\">\n<h2 class=\"wp-block-heading has-text-align-center translation-block\">\"\u00c8 tramiti lu linguaggiu ca canuscemu lu munnu. \u00c8 tramiti lu nostru linguaggiu ca esprimiamu la nostra identit\u00e0.\" - Nelson Mandela<\/h2>\n<\/blockquote>\n<\/div>","protected":false},"excerpt":{"rendered":"<p>ABOUT THE PROJECT LIAISE is an Erasmus+<\/p>","protected":false},"author":1,"featured_media":0,"parent":0,"menu_order":0,"comment_status":"closed","ping_status":"closed","template":"page-fluid.php","meta":{"_acf_changed":false,"_uag_custom_page_level_css":"","footnotes":""},"class_list":["post-73","page","type-page","status-publish","hentry"],"acf":[],"yoast_head":"<!-- This site is optimized with the Yoast SEO plugin v25.3.1 - https:\/\/yoast.com\/wordpress\/plugins\/seo\/ -->\n<title>About - Liaise<\/title>\n<meta name=\"robots\" content=\"index, follow, max-snippet:-1, max-image-preview:large, max-video-preview:-1\" \/>\n<link rel=\"canonical\" href=\"https:\/\/liaise-project.eu\/scn\/about\/\" \/>\n<meta property=\"og:locale\" content=\"en_US\" \/>\n<meta property=\"og:type\" content=\"article\" \/>\n<meta property=\"og:title\" content=\"About - Liaise\" \/>\n<meta property=\"og:description\" content=\"ABOUT THE PROJECT LIAISE is an Erasmus+\" \/>\n<meta property=\"og:url\" content=\"https:\/\/liaise-project.eu\/scn\/about\/\" \/>\n<meta property=\"og:site_name\" content=\"Liaise\" \/>\n<meta property=\"article:modified_time\" content=\"2025-04-29T09:26:10+00:00\" \/>\n<meta property=\"og:image\" content=\"https:\/\/liaise-project.eu\/wp-content\/uploads\/2025\/04\/2222.jpg\" \/>\n\t<meta property=\"og:image:width\" content=\"1111\" \/>\n\t<meta property=\"og:image:height\" content=\"742\" \/>\n\t<meta property=\"og:image:type\" content=\"image\/jpeg\" \/>\n<meta name=\"twitter:card\" content=\"summary_large_image\" \/>\n<meta name=\"twitter:label1\" content=\"Est. reading time\" \/>\n\t<meta name=\"twitter:data1\" content=\"2 minutes\" \/>\n<script type=\"application\/ld+json\" class=\"yoast-schema-graph\">{\"@context\":\"https:\/\/schema.org\",\"@graph\":[{\"@type\":\"WebPage\",\"@id\":\"https:\/\/liaise-project.eu\/about\/\",\"url\":\"https:\/\/liaise-project.eu\/about\/\",\"name\":\"About - Liaise\",\"isPartOf\":{\"@id\":\"https:\/\/liaise-project.eu\/#website\"},\"primaryImageOfPage\":{\"@id\":\"https:\/\/liaise-project.eu\/about\/#primaryimage\"},\"image\":{\"@id\":\"https:\/\/liaise-project.eu\/about\/#primaryimage\"},\"thumbnailUrl\":\"https:\/\/liaise-project.eu\/wp-content\/uploads\/2025\/04\/2222.jpg\",\"datePublished\":\"2025-04-25T14:37:28+00:00\",\"dateModified\":\"2025-04-29T09:26:10+00:00\",\"breadcrumb\":{\"@id\":\"https:\/\/liaise-project.eu\/about\/#breadcrumb\"},\"inLanguage\":\"scn\",\"potentialAction\":[{\"@type\":\"ReadAction\",\"target\":[\"https:\/\/liaise-project.eu\/about\/\"]}]},{\"@type\":\"ImageObject\",\"inLanguage\":\"scn\",\"@id\":\"https:\/\/liaise-project.eu\/about\/#primaryimage\",\"url\":\"https:\/\/liaise-project.eu\/wp-content\/uploads\/2025\/04\/2222.jpg\",\"contentUrl\":\"https:\/\/liaise-project.eu\/wp-content\/uploads\/2025\/04\/2222.jpg\"},{\"@type\":\"BreadcrumbList\",\"@id\":\"https:\/\/liaise-project.eu\/about\/#breadcrumb\",\"itemListElement\":[{\"@type\":\"ListItem\",\"position\":1,\"name\":\"Home\",\"item\":\"https:\/\/liaise-project.eu\/\"},{\"@type\":\"ListItem\",\"position\":2,\"name\":\"About\"}]},{\"@type\":\"WebSite\",\"@id\":\"https:\/\/liaise-project.eu\/#website\",\"url\":\"https:\/\/liaise-project.eu\/\",\"name\":\"Liaise\",\"description\":\"\",\"potentialAction\":[{\"@type\":\"SearchAction\",\"target\":{\"@type\":\"EntryPoint\",\"urlTemplate\":\"https:\/\/liaise-project.eu\/?s={search_term_string}\"},\"query-input\":{\"@type\":\"PropertyValueSpecification\",\"valueRequired\":true,\"valueName\":\"search_term_string\"}}],\"inLanguage\":\"scn\"}]}<\/script>\n<!-- \/ Yoast SEO plugin. -->","yoast_head_json":{"title":"About - Liaise","robots":{"index":"index","follow":"follow","max-snippet":"max-snippet:-1","max-image-preview":"max-image-preview:large","max-video-preview":"max-video-preview:-1"},"canonical":"https:\/\/liaise-project.eu\/scn\/about\/","og_locale":"en_US","og_type":"article","og_title":"About - Liaise","og_description":"ABOUT THE PROJECT LIAISE is an Erasmus+","og_url":"https:\/\/liaise-project.eu\/scn\/about\/","og_site_name":"Liaise","article_modified_time":"2025-04-29T09:26:10+00:00","og_image":[{"width":1111,"height":742,"url":"https:\/\/liaise-project.eu\/wp-content\/uploads\/2025\/04\/2222.jpg","type":"image\/jpeg"}],"twitter_card":"summary_large_image","twitter_misc":{"Est. reading time":"2 minutes"},"schema":{"@context":"https:\/\/schema.org","@graph":[{"@type":"WebPage","@id":"https:\/\/liaise-project.eu\/about\/","url":"https:\/\/liaise-project.eu\/about\/","name":"About - Liaise","isPartOf":{"@id":"https:\/\/liaise-project.eu\/#website"},"primaryImageOfPage":{"@id":"https:\/\/liaise-project.eu\/about\/#primaryimage"},"image":{"@id":"https:\/\/liaise-project.eu\/about\/#primaryimage"},"thumbnailUrl":"https:\/\/liaise-project.eu\/wp-content\/uploads\/2025\/04\/2222.jpg","datePublished":"2025-04-25T14:37:28+00:00","dateModified":"2025-04-29T09:26:10+00:00","breadcrumb":{"@id":"https:\/\/liaise-project.eu\/about\/#breadcrumb"},"inLanguage":"scn","potentialAction":[{"@type":"ReadAction","target":["https:\/\/liaise-project.eu\/about\/"]}]},{"@type":"ImageObject","inLanguage":"scn","@id":"https:\/\/liaise-project.eu\/about\/#primaryimage","url":"https:\/\/liaise-project.eu\/wp-content\/uploads\/2025\/04\/2222.jpg","contentUrl":"https:\/\/liaise-project.eu\/wp-content\/uploads\/2025\/04\/2222.jpg"},{"@type":"BreadcrumbList","@id":"https:\/\/liaise-project.eu\/about\/#breadcrumb","itemListElement":[{"@type":"ListItem","position":1,"name":"Home","item":"https:\/\/liaise-project.eu\/"},{"@type":"ListItem","position":2,"name":"About"}]},{"@type":"WebSite","@id":"https:\/\/liaise-project.eu\/#website","url":"https:\/\/liaise-project.eu\/","name":"Liaise","description":"","potentialAction":[{"@type":"SearchAction","target":{"@type":"EntryPoint","urlTemplate":"https:\/\/liaise-project.eu\/?s={search_term_string}"},"query-input":{"@type":"PropertyValueSpecification","valueRequired":true,"valueName":"search_term_string"}}],"inLanguage":"scn"}]}},"uagb_featured_image_src":{"full":false,"thumbnail":false,"medium":false,"medium_large":false,"large":false,"1536x1536":false,"2048x2048":false,"trp-custom-language-flag":false},"uagb_author_info":{"display_name":"admin","author_link":"https:\/\/liaise-project.eu\/scn\/author\/liaisewpadmn\/"},"uagb_comment_info":0,"uagb_excerpt":"ABOUT THE PROJECT LIAISE is an Erasmus+","_links":{"self":[{"href":"https:\/\/liaise-project.eu\/scn\/wp-json\/wp\/v2\/pages\/73","targetHints":{"allow":["GET"]}}],"collection":[{"href":"https:\/\/liaise-project.eu\/scn\/wp-json\/wp\/v2\/pages"}],"about":[{"href":"https:\/\/liaise-project.eu\/scn\/wp-json\/wp\/v2\/types\/page"}],"author":[{"embeddable":true,"href":"https:\/\/liaise-project.eu\/scn\/wp-json\/wp\/v2\/users\/1"}],"replies":[{"embeddable":true,"href":"https:\/\/liaise-project.eu\/scn\/wp-json\/wp\/v2\/comments?post=73"}],"version-history":[{"count":10,"href":"https:\/\/liaise-project.eu\/scn\/wp-json\/wp\/v2\/pages\/73\/revisions"}],"predecessor-version":[{"id":205,"href":"https:\/\/liaise-project.eu\/scn\/wp-json\/wp\/v2\/pages\/73\/revisions\/205"}],"wp:attachment":[{"href":"https:\/\/liaise-project.eu\/scn\/wp-json\/wp\/v2\/media?parent=73"}],"curies":[{"name":"wp","href":"https:\/\/api.w.org\/{rel}","templated":true}]}}